{"id":122,"date":"2019-10-09T18:46:49","date_gmt":"2019-10-09T16:46:49","guid":{"rendered":"http:\/\/test.theaterfreunde-steinberg.de\/?page_id=122"},"modified":"2019-12-22T23:25:30","modified_gmt":"2019-12-22T22:25:30","slug":"2016-2","status":"publish","type":"page","link":"http:\/\/theaterfreunde-steinberg.de\/?page_id=122","title":{"rendered":"2016"},"content":{"rendered":"\n<h2 class=\"has-text-align-center wp-block-heading\">Im Himmel gibt&#8217;s koa Parlament<\/h2>\n\n\n\n<p class=\"has-text-align-center\">Kom\u00f6die in 3 Akten von Marianne Santl<\/p>\n\n\n\n<p>Im Hause Burgstaller ist die Harmonie beim Teufel. Hans wurde gerade in den Landtag gew\u00e4hlt und ist nicht gl\u00fccklich dar\u00fcber. Er hat nur kandidiert, weil ihm seine Frau Jutta und sein Freund Alois keine Ruhe gelassen haben. Sch\u00f6n langsam muss er begreifen, dass sich nun sein ganzes Leben \u00e4ndert und er f\u00fcr seine geliebte Landwirtschaft keine Zeit mehr haben wird. Seiner Frau ist die Karriere ihres Mannes schon l\u00e4ngst zu Kopf gestiegen. <\/p>\n\n\n\n<figure class=\"wp-block-gallery columns-2 is-cropped wp-block-gallery-1 is-layout-flex wp-block-gallery-is-layout-flex\"><ul class=\"blocks-gallery-grid\"><li class=\"blocks-gallery-item\"><figure><img loading=\"lazy\" decoding=\"async\" width=\"1024\" height=\"768\" src=\"http:\/\/test.theaterfreunde-steinberg.de\/wp-content\/uploads\/2019\/10\/20161027_193805-1024x768.jpg\" alt=\"\" data-id=\"293\" data-full-url=\"http:\/\/test.theaterfreunde-steinberg.de\/wp-content\/uploads\/2019\/10\/20161027_193805.jpg\" data-link=\"http:\/\/test.theaterfreunde-steinberg.de\/?attachment_id=293\" class=\"wp-image-293\" srcset=\"http:\/\/theaterfreunde-steinberg.de\/wp-content\/uploads\/2019\/10\/20161027_193805-1024x768.jpg 1024w, http:\/\/theaterfreunde-steinberg.de\/wp-content\/uploads\/2019\/10\/20161027_193805-300x225.jpg 300w, http:\/\/theaterfreunde-steinberg.de\/wp-content\/uploads\/2019\/10\/20161027_193805-768x576.jpg 768w, http:\/\/theaterfreunde-steinberg.de\/wp-content\/uploads\/2019\/10\/20161027_193805-360x270.jpg 360w\" sizes=\"auto, (max-width: 1024px) 100vw, 1024px\" \/><\/figure><\/li><li class=\"blocks-gallery-item\"><figure><img loading=\"lazy\" decoding=\"async\" width=\"1024\" height=\"768\" src=\"http:\/\/test.theaterfreunde-steinberg.de\/wp-content\/uploads\/2019\/10\/20161027_212948-1024x768.jpg\" alt=\"\" data-id=\"295\" data-full-url=\"http:\/\/test.theaterfreunde-steinberg.de\/wp-content\/uploads\/2019\/10\/20161027_212948.jpg\" data-link=\"http:\/\/test.theaterfreunde-steinberg.de\/?attachment_id=295\" class=\"wp-image-295\" srcset=\"http:\/\/theaterfreunde-steinberg.de\/wp-content\/uploads\/2019\/10\/20161027_212948-1024x768.jpg 1024w, http:\/\/theaterfreunde-steinberg.de\/wp-content\/uploads\/2019\/10\/20161027_212948-300x225.jpg 300w, http:\/\/theaterfreunde-steinberg.de\/wp-content\/uploads\/2019\/10\/20161027_212948-768x576.jpg 768w, http:\/\/theaterfreunde-steinberg.de\/wp-content\/uploads\/2019\/10\/20161027_212948-360x270.jpg 360w\" sizes=\"auto, (max-width: 1024px) 100vw, 1024px\" \/><\/figure><\/li><\/ul><\/figure>\n\n\n\n<p>Sie tr\u00e4umt von Konzerten und riesigen Empf\u00e4ngen. Da ist ihr nat\u00fcrlich die schlampige Magd Urschl ein Dorn im Auge. Am liebsten w\u00fcrde Jutta den Hof verkaufen und in eine Villa ziehen. Stress pur! Hans, der diesem Stress nicht gewachsen ist, bekommt schlie\u00dflich einen Herzinfarkt und stirbt. Als Hans an der Himmelspforte ankommt, muss er erfahren, dass der Himmel momentan \u00fcberf\u00fcllt ist. Er wird von Petrus als Engel auf die Erde zur\u00fcckgeschickt mit der Aufgabe, seine machthungrige, geldgierige Frau zu bekehren. Falls ihm diese Aufgabe gelingt, darf er sofort ins Paradies. Dies ist aber leichter gesagt \u2013 als getan! <\/p>\n\n\n\nngg_shortcode_0_placeholder\n","protected":false},"excerpt":{"rendered":"<p>Im Himmel gibt&#8217;s koa Parlament Kom\u00f6die in 3 Akten von Marianne Santl Im Hause Burgstaller ist die Harmonie beim Teufel. Hans wurde gerade in den Landtag gew\u00e4hlt und ist nicht gl\u00fccklich dar\u00fcber. Er hat nur kandidiert, weil ihm seine Frau Jutta und sein Freund Alois keine Ruhe gelassen haben. Sch\u00f6n langsam muss er begreifen, dass sich nun sein ganzes Leben \u00e4ndert und er f\u00fcr seine geliebte Landwirtschaft keine Zeit mehr haben wird. Seiner Frau ist die Karriere ihres Mannes schon&#8230;<\/p>\n<p class=\"read-more\"><a class=\"btn btn-default\" href=\"http:\/\/theaterfreunde-steinberg.de\/?page_id=122\">Weiterlesen<span class=\"screen-reader-text\"> Weiterlesen<\/span><\/a><\/p>\n","protected":false},"author":1,"featured_media":0,"parent":0,"menu_order":0,"comment_status":"closed","ping_status":"closed","template":"","meta":{"ngg_post_thumbnail":0,"footnotes":""},"class_list":["post-122","page","type-page","status-publish","hentry"],"_links":{"self":[{"href":"http:\/\/theaterfreunde-steinberg.de\/index.php?rest_route=\/wp\/v2\/pages\/122","targetHints":{"allow":["GET"]}}],"collection":[{"href":"http:\/\/theaterfreunde-steinberg.de\/index.php?rest_route=\/wp\/v2\/pages"}],"about":[{"href":"http:\/\/theaterfreunde-steinberg.de\/index.php?rest_route=\/wp\/v2\/types\/page"}],"author":[{"embeddable":true,"href":"http:\/\/theaterfreunde-steinberg.de\/index.php?rest_route=\/wp\/v2\/users\/1"}],"replies":[{"embeddable":true,"href":"http:\/\/theaterfreunde-steinberg.de\/index.php?rest_route=%2Fwp%2Fv2%2Fcomments&post=122"}],"version-history":[{"count":4,"href":"http:\/\/theaterfreunde-steinberg.de\/index.php?rest_route=\/wp\/v2\/pages\/122\/revisions"}],"predecessor-version":[{"id":785,"href":"http:\/\/theaterfreunde-steinberg.de\/index.php?rest_route=\/wp\/v2\/pages\/122\/revisions\/785"}],"wp:attachment":[{"href":"http:\/\/theaterfreunde-steinberg.de\/index.php?rest_route=%2Fwp%2Fv2%2Fmedia&parent=122"}],"curies":[{"name":"wp","href":"https:\/\/api.w.org\/{rel}","templated":true}]}}