{"id":1062,"date":"2023-06-13T11:30:43","date_gmt":"2023-06-13T09:30:43","guid":{"rendered":"https:\/\/theaterfreunde-steinberg.de\/?page_id=1062"},"modified":"2025-07-06T14:22:17","modified_gmt":"2025-07-06T12:22:17","slug":"freilicht-theater-2023","status":"publish","type":"page","link":"https:\/\/theaterfreunde-steinberg.de\/?page_id=1062","title":{"rendered":"2023"},"content":{"rendered":"\n<h2 class=\"wp-block-heading has-text-align-center\">Einfachdachet<\/h2>\n\n\n\n<p class=\"has-text-align-center\">Kom\u00f6die in 3 Akten von Peter Landstorfer<\/p>\n\n\n\n<p><strong>Um was ging&#8217;s?<\/strong><\/p>\n\n\n\n<p>In Lauterbach laufen die Vorbereitungen f\u00fcr\u2019s diesj\u00e4hrige Gaufest auf Hochtouren. Besonders bei den \u201eLauterbacher Kniabieslern\u201c befindet sich der Vereinsvorstand Ferdl, zugleich auch der \u201ePlembewirt\u201c, in einer besonderen Anspannung. Denn dieses Jahr pr\u00e4sentiert der Verein seine neue Fahne, die dann auch am Sonntag als H\u00f6hepunkt geweiht werden soll. Alles scheint genauestens geplant. Doch dann sagt der langj\u00e4hrige F\u00e4hnrich und Fahnentr\u00e4ger ab. Er m\u00f6chte auch mal mitfeiern und nicht blo\u00df beim Festabend im Bierzelt auf die Fahne aufpassen. Jetzt ist guter Rat teuer, denn man wei\u00df aus der Vergangenheit, dass unbewachte Fahnen gerne Beute von sogenannten Fahnendieben werden, die sich die Fahne dann teuer mit Bier und Brotzeit ausl\u00f6sen lassen. <\/p>\n\n\n\n<p>Doch damit nicht genug, auch die Frauen des Ortes begehren auf. Sie m\u00f6chten unter der F\u00fchrung von Theres, der langj\u00e4hrigen Lebenspartnerin von Ferdl, seiner von ihm sogenannten \u201eabg\u2019legten Oiden\u201c, mit ihrem Kassettlverein erstmals auch beim Umzug mitgehen, was Ferdl bisher immer erfolgreich verhindern konnte. Sogar das Angebot, den F\u00e4hnrich zu stellen, lehnt er emp\u00f6rt mit seiner m\u00e4nnlichen Selbstverst\u00e4ndlichkeit gegen\u00fcber Frauen ab. Doch diesmal lassen sie sich von Ferdl nicht einsch\u00fcchtern, sondern ergreifen selbst die Initiative und f\u00fchren die M\u00e4nner mit ihrer weiblichen Raffinesse regelrecht vor\u2026<\/p>\n\n\n\n<p class=\"has-text-align-center\"><strong>Auff\u00fchrungstermine:<\/strong><\/p>\n\n\n\n<p class=\"has-text-align-center\">Samstag, 24. Juni 2023, 20:00 Uhr<\/p>\n\n\n\n<p class=\"has-text-align-center\">Donnerstag, 29. Juni 2023, 20:00 Uhr<\/p>\n\n\n\n<p class=\"has-text-align-center\">Freitag, 30. Juni 2023, 20:00 Uhr<\/p>\n\n\n\n<p class=\"has-text-align-center\">Samstag, 01. Juli 2023, 20:00 Uhr<\/p>\n\n\n\n<p class=\"has-text-align-center\">Sonntag, 02. Juli 2023, 20:00 Uhr<\/p>\n\n\n\n<p><\/p>\n\n\n\nngg_shortcode_0_placeholder\n","protected":false},"excerpt":{"rendered":"<p>Einfachdachet Kom\u00f6die in 3 Akten von Peter Landstorfer Um was ging&#8217;s? In Lauterbach laufen die Vorbereitungen f\u00fcr\u2019s diesj\u00e4hrige Gaufest auf Hochtouren. Besonders bei den \u201eLauterbacher Kniabieslern\u201c befindet sich der Vereinsvorstand Ferdl, zugleich auch der \u201ePlembewirt\u201c, in einer besonderen Anspannung. Denn dieses Jahr pr\u00e4sentiert der Verein seine neue Fahne, die dann auch am Sonntag als H\u00f6hepunkt geweiht werden soll. Alles scheint genauestens geplant. Doch dann sagt der langj\u00e4hrige F\u00e4hnrich und Fahnentr\u00e4ger ab. Er m\u00f6chte auch mal mitfeiern und nicht blo\u00df beim&#8230;<\/p>\n<p class=\"read-more\"><a class=\"btn btn-default\" href=\"https:\/\/theaterfreunde-steinberg.de\/?page_id=1062\">Weiterlesen<span class=\"screen-reader-text\"> Weiterlesen<\/span><\/a><\/p>\n","protected":false},"author":1,"featured_media":0,"parent":0,"menu_order":0,"comment_status":"closed","ping_status":"closed","template":"","meta":{"ngg_post_thumbnail":0,"footnotes":""},"class_list":["post-1062","page","type-page","status-publish","hentry"],"_links":{"self":[{"href":"https:\/\/theaterfreunde-steinberg.de\/index.php?rest_route=\/wp\/v2\/pages\/1062","targetHints":{"allow":["GET"]}}],"collection":[{"href":"https:\/\/theaterfreunde-steinberg.de\/index.php?rest_route=\/wp\/v2\/pages"}],"about":[{"href":"https:\/\/theaterfreunde-steinberg.de\/index.php?rest_route=\/wp\/v2\/types\/page"}],"author":[{"embeddable":true,"href":"https:\/\/theaterfreunde-steinberg.de\/index.php?rest_route=\/wp\/v2\/users\/1"}],"replies":[{"embeddable":true,"href":"https:\/\/theaterfreunde-steinberg.de\/index.php?rest_route=%2Fwp%2Fv2%2Fcomments&post=1062"}],"version-history":[{"count":6,"href":"https:\/\/theaterfreunde-steinberg.de\/index.php?rest_route=\/wp\/v2\/pages\/1062\/revisions"}],"predecessor-version":[{"id":1353,"href":"https:\/\/theaterfreunde-steinberg.de\/index.php?rest_route=\/wp\/v2\/pages\/1062\/revisions\/1353"}],"wp:attachment":[{"href":"https:\/\/theaterfreunde-steinberg.de\/index.php?rest_route=%2Fwp%2Fv2%2Fmedia&parent=1062"}],"curies":[{"name":"wp","href":"https:\/\/api.w.org\/{rel}","templated":true}]}}