{"id":118,"date":"2019-10-09T18:46:35","date_gmt":"2019-10-09T16:46:35","guid":{"rendered":"http:\/\/test.theaterfreunde-steinberg.de\/?page_id=118"},"modified":"2019-10-09T19:24:35","modified_gmt":"2019-10-09T17:24:35","slug":"2018-2","status":"publish","type":"page","link":"https:\/\/theaterfreunde-steinberg.de\/?page_id=118","title":{"rendered":"2018"},"content":{"rendered":"\n<h2 class=\"has-text-align-center wp-block-heading\">Zapp-Zarapp<\/h2>\n\n\n\n<p class=\"has-text-align-center\">Kom\u00f6die in 3 Akten von Markus Schebele und Sebastian Kolb<\/p>\n\n\n\n<p> Der Gasthof \u201eZur goldenen Sau\u201c ist in die Jahre gekommen und in einem maroden Zustand. Die Gesch\u00e4fte laufen nicht besonders und das Geld f\u00fcr eine Renovierung fehlt. So ist es kein Wunder, dass die Wirtsleute Sepp und Lies vor lauter Frust sehr h\u00e4ufig streiten. Den Stammg\u00e4sten, unter ihnen der \u201eStrickliesl-Stammtisch\u201c, zu der die Ratschen Hilde und Frau des Fu\u00dfballvorsitzenden geh\u00f6rt, geht das Gez\u00e4nk geh\u00f6rig auf die Nerven.<\/p>\n\n\n\n<figure class=\"wp-block-gallery columns-2 is-cropped wp-block-gallery-1 is-layout-flex wp-block-gallery-is-layout-flex\"><ul class=\"blocks-gallery-grid\"><li class=\"blocks-gallery-item\"><figure><img loading=\"lazy\" decoding=\"async\" width=\"1024\" height=\"568\" src=\"http:\/\/test.theaterfreunde-steinberg.de\/wp-content\/uploads\/2019\/10\/Generalprobe-32-1038x576-1024x568.jpg\" alt=\"\" data-id=\"68\" data-full-url=\"http:\/\/test.theaterfreunde-steinberg.de\/wp-content\/uploads\/2019\/10\/Generalprobe-32-1038x576.jpg\" data-link=\"http:\/\/test.theaterfreunde-steinberg.de\/?attachment_id=68\" class=\"wp-image-68\" srcset=\"https:\/\/theaterfreunde-steinberg.de\/wp-content\/uploads\/2019\/10\/Generalprobe-32-1038x576-1024x568.jpg 1024w, https:\/\/theaterfreunde-steinberg.de\/wp-content\/uploads\/2019\/10\/Generalprobe-32-1038x576-300x166.jpg 300w, https:\/\/theaterfreunde-steinberg.de\/wp-content\/uploads\/2019\/10\/Generalprobe-32-1038x576-768x426.jpg 768w, https:\/\/theaterfreunde-steinberg.de\/wp-content\/uploads\/2019\/10\/Generalprobe-32-1038x576-487x270.jpg 487w, https:\/\/theaterfreunde-steinberg.de\/wp-content\/uploads\/2019\/10\/Generalprobe-32-1038x576.jpg 1038w\" sizes=\"auto, (max-width: 1024px) 100vw, 1024px\" \/><\/figure><\/li><li class=\"blocks-gallery-item\"><figure><img loading=\"lazy\" decoding=\"async\" width=\"1024\" height=\"568\" src=\"http:\/\/test.theaterfreunde-steinberg.de\/wp-content\/uploads\/2019\/10\/Generalprobe-37-1038x576-1024x568.jpg\" alt=\"\" data-id=\"69\" data-full-url=\"http:\/\/test.theaterfreunde-steinberg.de\/wp-content\/uploads\/2019\/10\/Generalprobe-37-1038x576.jpg\" data-link=\"http:\/\/test.theaterfreunde-steinberg.de\/?attachment_id=69\" class=\"wp-image-69\" srcset=\"https:\/\/theaterfreunde-steinberg.de\/wp-content\/uploads\/2019\/10\/Generalprobe-37-1038x576-1024x568.jpg 1024w, https:\/\/theaterfreunde-steinberg.de\/wp-content\/uploads\/2019\/10\/Generalprobe-37-1038x576-300x166.jpg 300w, https:\/\/theaterfreunde-steinberg.de\/wp-content\/uploads\/2019\/10\/Generalprobe-37-1038x576-768x426.jpg 768w, https:\/\/theaterfreunde-steinberg.de\/wp-content\/uploads\/2019\/10\/Generalprobe-37-1038x576-487x270.jpg 487w, https:\/\/theaterfreunde-steinberg.de\/wp-content\/uploads\/2019\/10\/Generalprobe-37-1038x576.jpg 1038w\" sizes=\"auto, (max-width: 1024px) 100vw, 1024px\" \/><\/figure><\/li><\/ul><\/figure>\n\n\n\n<p>Eine m\u00f6gliche Geldquelle w\u00e4re der \u201eBr\u00e4u\u201c Hans Felgenhauser der eine Investition vom Aufstieg des Fu\u00dfballvereins abh\u00e4ngig macht. Dessen Vorsitzender Otto steht deshalb zum Teil immer wieder m\u00e4chtig unter Druck. Selbst die Stammtischbr\u00fcder \u2013 der B\u00e4ckermeister Rudi, der seine Frau Uschi nur durch massive Drohungen \u00fcberzeugen kann, den Heimweg anzutreten, und der liebestolle Erwin, der im Internet seine Flamme Babsi kennenlernt \u2013 hatten keine Einf\u00e4lle, wie die Wirtsleute ihre finanziellen Sorgen loswerden. Als es eines Tages zwischen den beiden besonders heftig wird, taucht der Geist der Urgro\u00dfmutter aus dem Jenseits auf. Ein Streich, der im Endeffekt heilsame Wirkung hat. Erst als sich wieder vers\u00f6hnen, nimmt die Urgro\u00dfmutter ihr \u201eZapp Zarapp\u201c zur\u00fcck und erl\u00f6st sie aus ihrer Misere. Als auch noch die Fu\u00dfballmannschaft in die Kreisliga aufsteigt, kann die Urgro\u00dfmutter den Br\u00e4u \u00fcberzeugen, die Kosten der Renovierung zu tragen. <\/p>\n\n\n\nngg_shortcode_0_placeholder\n","protected":false},"excerpt":{"rendered":"<p>Zapp-Zarapp Kom\u00f6die in 3 Akten von Markus Schebele und Sebastian Kolb Der Gasthof \u201eZur goldenen Sau\u201c ist in die Jahre gekommen und in einem maroden Zustand. Die Gesch\u00e4fte laufen nicht besonders und das Geld f\u00fcr eine Renovierung fehlt. So ist es kein Wunder, dass die Wirtsleute Sepp und Lies vor lauter Frust sehr h\u00e4ufig streiten. Den Stammg\u00e4sten, unter ihnen der \u201eStrickliesl-Stammtisch\u201c, zu der die Ratschen Hilde und Frau des Fu\u00dfballvorsitzenden geh\u00f6rt, geht das Gez\u00e4nk geh\u00f6rig auf die Nerven. Eine m\u00f6gliche&#8230;<\/p>\n<p class=\"read-more\"><a class=\"btn btn-default\" href=\"https:\/\/theaterfreunde-steinberg.de\/?page_id=118\">Weiterlesen<span class=\"screen-reader-text\"> Weiterlesen<\/span><\/a><\/p>\n","protected":false},"author":1,"featured_media":0,"parent":0,"menu_order":0,"comment_status":"closed","ping_status":"closed","template":"","meta":{"ngg_post_thumbnail":0,"footnotes":""},"class_list":["post-118","page","type-page","status-publish","hentry"],"_links":{"self":[{"href":"https:\/\/theaterfreunde-steinberg.de\/index.php?rest_route=\/wp\/v2\/pages\/118","targetHints":{"allow":["GET"]}}],"collection":[{"href":"https:\/\/theaterfreunde-steinberg.de\/index.php?rest_route=\/wp\/v2\/pages"}],"about":[{"href":"https:\/\/theaterfreunde-steinberg.de\/index.php?rest_route=\/wp\/v2\/types\/page"}],"author":[{"embeddable":true,"href":"https:\/\/theaterfreunde-steinberg.de\/index.php?rest_route=\/wp\/v2\/users\/1"}],"replies":[{"embeddable":true,"href":"https:\/\/theaterfreunde-steinberg.de\/index.php?rest_route=%2Fwp%2Fv2%2Fcomments&post=118"}],"version-history":[{"count":8,"href":"https:\/\/theaterfreunde-steinberg.de\/index.php?rest_route=\/wp\/v2\/pages\/118\/revisions"}],"predecessor-version":[{"id":223,"href":"https:\/\/theaterfreunde-steinberg.de\/index.php?rest_route=\/wp\/v2\/pages\/118\/revisions\/223"}],"wp:attachment":[{"href":"https:\/\/theaterfreunde-steinberg.de\/index.php?rest_route=%2Fwp%2Fv2%2Fmedia&parent=118"}],"curies":[{"name":"wp","href":"https:\/\/api.w.org\/{rel}","templated":true}]}}