{"id":1197,"date":"2024-03-06T21:12:49","date_gmt":"2024-03-06T20:12:49","guid":{"rendered":"https:\/\/theaterfreunde-steinberg.de\/?page_id=1197"},"modified":"2025-03-02T20:27:37","modified_gmt":"2025-03-02T19:27:37","slug":"freilicht-theater-2024","status":"publish","type":"page","link":"https:\/\/theaterfreunde-steinberg.de\/?page_id=1197","title":{"rendered":"2024"},"content":{"rendered":"\n<h2 class=\"wp-block-heading has-text-align-center\">Da Baderkriag<\/h2>\n\n\n\n<p class=\"has-text-align-center\">Kom\u00f6die in 3 Akten von Scheble Markus &amp; Gasteiger Martin<\/p>\n\n\n\n<p><strong>Um was geht\u2019s?<\/strong><\/p>\n\n\n\n<p>Um die Jahrhundertwende praktiziert ein erfahrener Bader in der bayrischen Provinz. Er hat sein Behandlungszimmer im Nebenraum einer Gastwirtschaft eingerichtet. Die Zusammenarbeit k\u00f6nnte nicht vorteilhafter sein, da die wartenden Patienten derweil in der Gaststube einkehren. Doch die Harmonie w\u00e4hrt nicht lange, da der Wirtssohn im Begriff ist, sein Medizinstudium abzuschlie\u00dfen und dem alten Bader den Lebensunterhalt streitig zu machen.<\/p>\n\n\n\n<p><br>Als der Sohn des Wirts eines Tages zu Besuch nach Hause kommt, beschlie\u00dft der Bader, dem jungen angehenden Arzt sein Refugium nicht kampflos zu \u00fcberlassen. Er erkl\u00e4rt ihm den \u201eBaderkriag\u201c und in seiner aussichtslosen Situation erkennt der Bader, dass sein Kontrahent ein Geheimnis verbirgt\u2026<\/p>\n\n\n\n<p class=\"has-text-align-center\"><strong>Auff\u00fchrungstermine:<\/strong><\/p>\n\n\n\n<p class=\"has-text-align-center\">Freitag, 21. Juni 2024, 20:00 Uhr<\/p>\n\n\n\n<p class=\"has-text-align-center\">Samstag, 22. Juni 2024, 20:00 Uhr<\/p>\n\n\n\n<p class=\"has-text-align-center\">Donnerstag, 27. Juni 2024, 20:00 Uhr<\/p>\n\n\n\n<p class=\"has-text-align-center\">Freitag, 28. Juni 2024, 20:00 Uhr<\/p>\n\n\n\n<p class=\"has-text-align-center\">Samstag, 29. Juni 2024, 20:00 Uhr<\/p>\n\n\n\n<p>Einlass jeweils ab 19:00 Uhr. Das Freilicht-Theater findet 2024 wieder am Dorfplatz Steinberg (Josef-Winter-Platz 1, 84163 Steinberg) statt. Bei Spielabsage werden Ersatztermine angeboten. Kartenr\u00fccknahme nur bei Spielabsage.<\/p>\n\n\n\n<p><strong>Kartenvorverkauf:&nbsp;<\/strong>Am 01. Juni 2024 ab 10:00, Pfarrheim Steinberg (Josef-Winter-Stra\u00dfe 1, 84163 Steinberg),<\/p>\n\n\n\n<p><strong>Restkarten<\/strong>: Dienstags, 16:00 \u2013 17:00 Uhr im Pfarrb\u00fcro Steinberg sowie Donnerstags und Freitags 09:00 \u2013 17:00 Uhr bei der Vilstaler Allianz in Poxau.<\/p>\n","protected":false},"excerpt":{"rendered":"<p>Da Baderkriag Kom\u00f6die in 3 Akten von Scheble Markus &amp; Gasteiger Martin Um was geht\u2019s? Um die Jahrhundertwende praktiziert ein erfahrener Bader in der bayrischen Provinz. Er hat sein Behandlungszimmer im Nebenraum einer Gastwirtschaft eingerichtet. Die Zusammenarbeit k\u00f6nnte nicht vorteilhafter sein, da die wartenden Patienten derweil in der Gaststube einkehren. Doch die Harmonie w\u00e4hrt nicht lange, da der Wirtssohn im Begriff ist, sein Medizinstudium abzuschlie\u00dfen und dem alten Bader den Lebensunterhalt streitig zu machen. Als der Sohn des Wirts eines&#8230;<\/p>\n<p class=\"read-more\"><a class=\"btn btn-default\" href=\"https:\/\/theaterfreunde-steinberg.de\/?page_id=1197\">Weiterlesen<span class=\"screen-reader-text\"> Weiterlesen<\/span><\/a><\/p>\n","protected":false},"author":1,"featured_media":0,"parent":0,"menu_order":0,"comment_status":"closed","ping_status":"closed","template":"","meta":{"ngg_post_thumbnail":0,"footnotes":""},"class_list":["post-1197","page","type-page","status-publish","hentry"],"_links":{"self":[{"href":"https:\/\/theaterfreunde-steinberg.de\/index.php?rest_route=\/wp\/v2\/pages\/1197","targetHints":{"allow":["GET"]}}],"collection":[{"href":"https:\/\/theaterfreunde-steinberg.de\/index.php?rest_route=\/wp\/v2\/pages"}],"about":[{"href":"https:\/\/theaterfreunde-steinberg.de\/index.php?rest_route=\/wp\/v2\/types\/page"}],"author":[{"embeddable":true,"href":"https:\/\/theaterfreunde-steinberg.de\/index.php?rest_route=\/wp\/v2\/users\/1"}],"replies":[{"embeddable":true,"href":"https:\/\/theaterfreunde-steinberg.de\/index.php?rest_route=%2Fwp%2Fv2%2Fcomments&post=1197"}],"version-history":[{"count":4,"href":"https:\/\/theaterfreunde-steinberg.de\/index.php?rest_route=\/wp\/v2\/pages\/1197\/revisions"}],"predecessor-version":[{"id":1241,"href":"https:\/\/theaterfreunde-steinberg.de\/index.php?rest_route=\/wp\/v2\/pages\/1197\/revisions\/1241"}],"wp:attachment":[{"href":"https:\/\/theaterfreunde-steinberg.de\/index.php?rest_route=%2Fwp%2Fv2%2Fmedia&parent=1197"}],"curies":[{"name":"wp","href":"https:\/\/api.w.org\/{rel}","templated":true}]}}