{"id":120,"date":"2019-10-09T18:46:42","date_gmt":"2019-10-09T16:46:42","guid":{"rendered":"http:\/\/test.theaterfreunde-steinberg.de\/?page_id=120"},"modified":"2019-10-09T22:28:46","modified_gmt":"2019-10-09T20:28:46","slug":"2017-2","status":"publish","type":"page","link":"https:\/\/theaterfreunde-steinberg.de\/?page_id=120","title":{"rendered":"2017"},"content":{"rendered":"\n<h2 class=\"has-text-align-center wp-block-heading\">D\u00fcmmer als die Polizei erlaubt<\/h2>\n\n\n\n<p class=\"has-text-align-center\"> Lustspiel in drei Akten von Markus Scheble und Sebastian Kolb<\/p>\n\n\n\n<p>Es sind der Polizeihauptmeister Fendt, der mit den zwei H\u00fchneraugen am kleinen Zeh, und seine ihm untergeordnete Kollegin Polizeimeisterin Schneider . Sie besch\u00e4ftigen die Teilzeitsekret\u00e4rin Gabi und die t\u00fcrkische Putzfrau Ayshe. Als eine Rauferei von zwei alten Rentnern im Schrebergarten gemeldet wird, geht es rund, aber sch\u00f6n langsam \u2013 endlich ist mal was los.<\/p>\n\n\n\n<figure class=\"wp-block-gallery columns-2 is-cropped wp-block-gallery-1 is-layout-flex wp-block-gallery-is-layout-flex\"><ul class=\"blocks-gallery-grid\"><li class=\"blocks-gallery-item\"><figure><img loading=\"lazy\" decoding=\"async\" width=\"1024\" height=\"683\" src=\"http:\/\/test.theaterfreunde-steinberg.de\/wp-content\/uploads\/2019\/10\/Theater-Vorauswahl-15-1024x683.jpg\" alt=\"\" data-id=\"269\" data-full-url=\"http:\/\/test.theaterfreunde-steinberg.de\/wp-content\/uploads\/2019\/10\/Theater-Vorauswahl-15.jpg\" data-link=\"http:\/\/test.theaterfreunde-steinberg.de\/?attachment_id=269\" class=\"wp-image-269\" srcset=\"https:\/\/theaterfreunde-steinberg.de\/wp-content\/uploads\/2019\/10\/Theater-Vorauswahl-15-1024x683.jpg 1024w, https:\/\/theaterfreunde-steinberg.de\/wp-content\/uploads\/2019\/10\/Theater-Vorauswahl-15-300x200.jpg 300w, https:\/\/theaterfreunde-steinberg.de\/wp-content\/uploads\/2019\/10\/Theater-Vorauswahl-15-768x512.jpg 768w, https:\/\/theaterfreunde-steinberg.de\/wp-content\/uploads\/2019\/10\/Theater-Vorauswahl-15-405x270.jpg 405w\" sizes=\"auto, (max-width: 1024px) 100vw, 1024px\" \/><\/figure><\/li><li class=\"blocks-gallery-item\"><figure><img loading=\"lazy\" decoding=\"async\" width=\"1024\" height=\"683\" src=\"http:\/\/test.theaterfreunde-steinberg.de\/wp-content\/uploads\/2019\/10\/Theater-Vorauswahl-16-1024x683.jpg\" alt=\"\" data-id=\"271\" data-full-url=\"http:\/\/test.theaterfreunde-steinberg.de\/wp-content\/uploads\/2019\/10\/Theater-Vorauswahl-16.jpg\" data-link=\"http:\/\/test.theaterfreunde-steinberg.de\/?attachment_id=271\" class=\"wp-image-271\" srcset=\"https:\/\/theaterfreunde-steinberg.de\/wp-content\/uploads\/2019\/10\/Theater-Vorauswahl-16-1024x683.jpg 1024w, https:\/\/theaterfreunde-steinberg.de\/wp-content\/uploads\/2019\/10\/Theater-Vorauswahl-16-300x200.jpg 300w, https:\/\/theaterfreunde-steinberg.de\/wp-content\/uploads\/2019\/10\/Theater-Vorauswahl-16-768x512.jpg 768w, https:\/\/theaterfreunde-steinberg.de\/wp-content\/uploads\/2019\/10\/Theater-Vorauswahl-16-405x270.jpg 405w\" sizes=\"auto, (max-width: 1024px) 100vw, 1024px\" \/><\/figure><\/li><\/ul><\/figure>\n\n\n\n<p>Die Spannung steigt von einer Szene zur n\u00e4chsten, und das Chaos bahnt sich an, als der Dienststellenleiter, Hauptkommissar Posch  eine Ank\u00fcndigung erh\u00e4lt, dass der Polizeipr\u00e4sident Hrdlicska pers\u00f6nlich zur Inspektion der Dienststelle kommen wird \u2013 und zwar kurzfristig. Posch sieht darin seine Chance, von seinem Vorgesetzten endlich eine R\u00fcckversetzung in die Gro\u00dfstadt M\u00fcnchen zu erwirken, da wo was los ist und er seine Erfahrungen einbringen kann.<\/p>\n\n\n\n<p><strong>BEMERKUNG<\/strong>: 2017 wurde vor &#8222;D\u00fcmmer als die Polizei erlaubt&#8220; der 1-Akter &#8222;Reif f\u00fcr die Insel&#8220; aufgef\u00fchrt. N\u00e4here Informationen hierzu unter <a href=\"http:\/\/test.theaterfreunde-steinberg.de\/?page_id=674\">2017 &#8211; Einakter<\/a><\/p>\n\n\n\nngg_shortcode_0_placeholder\n","protected":false},"excerpt":{"rendered":"<p>D\u00fcmmer als die Polizei erlaubt Lustspiel in drei Akten von Markus Scheble und Sebastian Kolb Es sind der Polizeihauptmeister Fendt, der mit den zwei H\u00fchneraugen am kleinen Zeh, und seine ihm untergeordnete Kollegin Polizeimeisterin Schneider . Sie besch\u00e4ftigen die Teilzeitsekret\u00e4rin Gabi und die t\u00fcrkische Putzfrau Ayshe. Als eine Rauferei von zwei alten Rentnern im Schrebergarten gemeldet wird, geht es rund, aber sch\u00f6n langsam \u2013 endlich ist mal was los. Die Spannung steigt von einer Szene zur n\u00e4chsten, und das Chaos&#8230;<\/p>\n<p class=\"read-more\"><a class=\"btn btn-default\" href=\"https:\/\/theaterfreunde-steinberg.de\/?page_id=120\">Weiterlesen<span class=\"screen-reader-text\"> Weiterlesen<\/span><\/a><\/p>\n","protected":false},"author":1,"featured_media":0,"parent":0,"menu_order":0,"comment_status":"closed","ping_status":"closed","template":"","meta":{"ngg_post_thumbnail":0,"footnotes":""},"class_list":["post-120","page","type-page","status-publish","hentry"],"_links":{"self":[{"href":"https:\/\/theaterfreunde-steinberg.de\/index.php?rest_route=\/wp\/v2\/pages\/120","targetHints":{"allow":["GET"]}}],"collection":[{"href":"https:\/\/theaterfreunde-steinberg.de\/index.php?rest_route=\/wp\/v2\/pages"}],"about":[{"href":"https:\/\/theaterfreunde-steinberg.de\/index.php?rest_route=\/wp\/v2\/types\/page"}],"author":[{"embeddable":true,"href":"https:\/\/theaterfreunde-steinberg.de\/index.php?rest_route=\/wp\/v2\/users\/1"}],"replies":[{"embeddable":true,"href":"https:\/\/theaterfreunde-steinberg.de\/index.php?rest_route=%2Fwp%2Fv2%2Fcomments&post=120"}],"version-history":[{"count":8,"href":"https:\/\/theaterfreunde-steinberg.de\/index.php?rest_route=\/wp\/v2\/pages\/120\/revisions"}],"predecessor-version":[{"id":682,"href":"https:\/\/theaterfreunde-steinberg.de\/index.php?rest_route=\/wp\/v2\/pages\/120\/revisions\/682"}],"wp:attachment":[{"href":"https:\/\/theaterfreunde-steinberg.de\/index.php?rest_route=%2Fwp%2Fv2%2Fmedia&parent=120"}],"curies":[{"name":"wp","href":"https:\/\/api.w.org\/{rel}","templated":true}]}}