{"id":1204,"date":"2024-03-06T21:23:12","date_gmt":"2024-03-06T20:23:12","guid":{"rendered":"https:\/\/theaterfreunde-steinberg.de\/?page_id=1204"},"modified":"2025-07-06T14:23:43","modified_gmt":"2025-07-06T12:23:43","slug":"kindertheater-2024","status":"publish","type":"page","link":"https:\/\/theaterfreunde-steinberg.de\/?page_id=1204","title":{"rendered":"KINDERTHEATER 2024"},"content":{"rendered":"\n<h2 class=\"wp-block-heading has-text-align-center\">Zirkus Zitrone<\/h2>\n\n\n\n<p class=\"has-text-align-center\">Ein spannendes und lustiges Zirkustheaterst\u00fcck aus dem Morgen- und Abendland<\/p>\n\n\n\n<p><strong>Um was ging&#8217;s?<\/strong><\/p>\n\n\n\n<p>\u00dcber Nacht sind aus den immer fr\u00f6hlichen, lachenden Prinzessinnen aus dem Morgenland drei n\u00f6rgelnde, meckernde Miesepeter geworden. Sultan und Sultanin haben keine Ahnung, was passiert ist und was zu tun sei.<\/p>\n\n\n\n<p>Zum Gl\u00fcck aber sind gerade Clowns, Artisten und Zauberer aus dem Abendland hier, die die Leute begeistern und zum Lachen bringen. So bieten Sultan und Sultanin ihnen&nbsp;verzweifelt einen Sack Gold, wenn sie es schaffen, ihre T\u00f6chter wieder zum Lachen zu bringen.<\/p>\n\n\n\n<p>Aber alle Kunstst\u00fccke und Clownereien entlocken den Prinzessinnen nur ein n\u00f6rgelndes \u201eLangweilig\u201c. Schlie\u00dflich hat die Zauberin doch noch eine ganz besondere Idee \u2026<\/p>\n\n\n\n<p class=\"has-text-align-center\"><strong>Auff\u00fchrungstermine:<\/strong><\/p>\n\n\n\n<p class=\"has-text-align-center\">Samstag, 22. Juni 2024, 15:00 Uhr<\/p>\n\n\n\n<p class=\"has-text-align-center\">Samstag, 29. Juni 2024, 15:00 Uhr<\/p>\n\n\n\n<p><\/p>\n\n\n\n<figure class=\"wp-block-gallery has-nested-images columns-default is-cropped wp-block-gallery-1 is-layout-flex wp-block-gallery-is-layout-flex\">\n<figure class=\"wp-block-image size-large\"><img loading=\"lazy\" decoding=\"async\" width=\"697\" height=\"1024\" data-id=\"1227\" src=\"https:\/\/theaterfreunde-steinberg.de\/wp-content\/uploads\/2024\/03\/Kindertheater_Banner-697x1024.png\" alt=\"\" class=\"wp-image-1227\" srcset=\"https:\/\/theaterfreunde-steinberg.de\/wp-content\/uploads\/2024\/03\/Kindertheater_Banner-697x1024.png 697w, https:\/\/theaterfreunde-steinberg.de\/wp-content\/uploads\/2024\/03\/Kindertheater_Banner-204x300.png 204w, https:\/\/theaterfreunde-steinberg.de\/wp-content\/uploads\/2024\/03\/Kindertheater_Banner-184x270.png 184w, https:\/\/theaterfreunde-steinberg.de\/wp-content\/uploads\/2024\/03\/Kindertheater_Banner.png 720w\" sizes=\"auto, (max-width: 697px) 100vw, 697px\" \/><\/figure>\n<\/figure>\n","protected":false},"excerpt":{"rendered":"<p>Zirkus Zitrone Ein spannendes und lustiges Zirkustheaterst\u00fcck aus dem Morgen- und Abendland Um was ging&#8217;s? \u00dcber Nacht sind aus den immer fr\u00f6hlichen, lachenden Prinzessinnen aus dem Morgenland drei n\u00f6rgelnde, meckernde Miesepeter geworden. Sultan und Sultanin haben keine Ahnung, was passiert ist und was zu tun sei. Zum Gl\u00fcck aber sind gerade Clowns, Artisten und Zauberer aus dem Abendland hier, die die Leute begeistern und zum Lachen bringen. So bieten Sultan und Sultanin ihnen&nbsp;verzweifelt einen Sack Gold, wenn sie es schaffen,&#8230;<\/p>\n<p class=\"read-more\"><a class=\"btn btn-default\" href=\"https:\/\/theaterfreunde-steinberg.de\/?page_id=1204\">Weiterlesen<span class=\"screen-reader-text\"> Weiterlesen<\/span><\/a><\/p>\n","protected":false},"author":1,"featured_media":0,"parent":0,"menu_order":0,"comment_status":"closed","ping_status":"closed","template":"","meta":{"ngg_post_thumbnail":0,"footnotes":""},"class_list":["post-1204","page","type-page","status-publish","hentry"],"_links":{"self":[{"href":"https:\/\/theaterfreunde-steinberg.de\/index.php?rest_route=\/wp\/v2\/pages\/1204","targetHints":{"allow":["GET"]}}],"collection":[{"href":"https:\/\/theaterfreunde-steinberg.de\/index.php?rest_route=\/wp\/v2\/pages"}],"about":[{"href":"https:\/\/theaterfreunde-steinberg.de\/index.php?rest_route=\/wp\/v2\/types\/page"}],"author":[{"embeddable":true,"href":"https:\/\/theaterfreunde-steinberg.de\/index.php?rest_route=\/wp\/v2\/users\/1"}],"replies":[{"embeddable":true,"href":"https:\/\/theaterfreunde-steinberg.de\/index.php?rest_route=%2Fwp%2Fv2%2Fcomments&post=1204"}],"version-history":[{"count":5,"href":"https:\/\/theaterfreunde-steinberg.de\/index.php?rest_route=\/wp\/v2\/pages\/1204\/revisions"}],"predecessor-version":[{"id":1380,"href":"https:\/\/theaterfreunde-steinberg.de\/index.php?rest_route=\/wp\/v2\/pages\/1204\/revisions\/1380"}],"wp:attachment":[{"href":"https:\/\/theaterfreunde-steinberg.de\/index.php?rest_route=%2Fwp%2Fv2%2Fmedia&parent=1204"}],"curies":[{"name":"wp","href":"https:\/\/api.w.org\/{rel}","templated":true}]}}