{"id":124,"date":"2019-10-09T18:46:57","date_gmt":"2019-10-09T16:46:57","guid":{"rendered":"http:\/\/test.theaterfreunde-steinberg.de\/?page_id=124"},"modified":"2019-10-09T20:03:36","modified_gmt":"2019-10-09T18:03:36","slug":"2015-2","status":"publish","type":"page","link":"https:\/\/theaterfreunde-steinberg.de\/?page_id=124","title":{"rendered":"2015"},"content":{"rendered":"\n<h2 class=\"has-text-align-center wp-block-heading\">Zoff im Puff<\/h2>\n\n\n\n<p class=\"has-text-align-center\">Kom\u00f6die in 3 Akten von Markus Schebele und Sebastian Kolb<\/p>\n\n\n\n<p> Berta, die Puffmutter des in die Jahre gekommenen Provinzbordells \u201eClub Je t`aime\u201c hat ohnehin schon Sorgen, weil der Umsatz immer weiter sinkt, seit in der Stadt das neue Erotik-Mega-Zentrum er\u00f6ffnet hat. Jetzt hat ihr stark millieugesch\u00e4digter Sohn Ringo auch noch eine gro\u00dfe Summe beim Pokerspiel in Mafiakreisen verloren. Um die Spielschulden bei der Mafia zu bezahlen und ihren Sohn vor den Geldeintreibern zu sch\u00fctzen, beschlie\u00dft Berta zun\u00e4chst, das Puff zu verkaufen. Doch dann heckt sie und ihre Freudenm\u00e4dchen einen ganz anderen Plan aus\u2026  <\/p>\n\n\n\nngg_shortcode_0_placeholder\n","protected":false},"excerpt":{"rendered":"<p>Zoff im Puff Kom\u00f6die in 3 Akten von Markus Schebele und Sebastian Kolb Berta, die Puffmutter des in die Jahre gekommenen Provinzbordells \u201eClub Je t`aime\u201c hat ohnehin schon Sorgen, weil der Umsatz immer weiter sinkt, seit in der Stadt das neue Erotik-Mega-Zentrum er\u00f6ffnet hat. Jetzt hat ihr stark millieugesch\u00e4digter Sohn Ringo auch noch eine gro\u00dfe Summe beim Pokerspiel in Mafiakreisen verloren. Um die Spielschulden bei der Mafia zu bezahlen und ihren Sohn vor den Geldeintreibern zu sch\u00fctzen, beschlie\u00dft Berta zun\u00e4chst,&#8230;<\/p>\n<p class=\"read-more\"><a class=\"btn btn-default\" href=\"https:\/\/theaterfreunde-steinberg.de\/?page_id=124\">Weiterlesen<span class=\"screen-reader-text\"> Weiterlesen<\/span><\/a><\/p>\n","protected":false},"author":1,"featured_media":0,"parent":0,"menu_order":0,"comment_status":"closed","ping_status":"closed","template":"","meta":{"ngg_post_thumbnail":0,"footnotes":""},"class_list":["post-124","page","type-page","status-publish","hentry"],"_links":{"self":[{"href":"https:\/\/theaterfreunde-steinberg.de\/index.php?rest_route=\/wp\/v2\/pages\/124","targetHints":{"allow":["GET"]}}],"collection":[{"href":"https:\/\/theaterfreunde-steinberg.de\/index.php?rest_route=\/wp\/v2\/pages"}],"about":[{"href":"https:\/\/theaterfreunde-steinberg.de\/index.php?rest_route=\/wp\/v2\/types\/page"}],"author":[{"embeddable":true,"href":"https:\/\/theaterfreunde-steinberg.de\/index.php?rest_route=\/wp\/v2\/users\/1"}],"replies":[{"embeddable":true,"href":"https:\/\/theaterfreunde-steinberg.de\/index.php?rest_route=%2Fwp%2Fv2%2Fcomments&post=124"}],"version-history":[{"count":3,"href":"https:\/\/theaterfreunde-steinberg.de\/index.php?rest_route=\/wp\/v2\/pages\/124\/revisions"}],"predecessor-version":[{"id":310,"href":"https:\/\/theaterfreunde-steinberg.de\/index.php?rest_route=\/wp\/v2\/pages\/124\/revisions\/310"}],"wp:attachment":[{"href":"https:\/\/theaterfreunde-steinberg.de\/index.php?rest_route=%2Fwp%2Fv2%2Fmedia&parent=124"}],"curies":[{"name":"wp","href":"https:\/\/api.w.org\/{rel}","templated":true}]}}