{"id":130,"date":"2019-10-09T18:47:23","date_gmt":"2019-10-09T16:47:23","guid":{"rendered":"http:\/\/test.theaterfreunde-steinberg.de\/?page_id=130"},"modified":"2019-10-09T20:18:46","modified_gmt":"2019-10-09T18:18:46","slug":"2012-2","status":"publish","type":"page","link":"https:\/\/theaterfreunde-steinberg.de\/?page_id=130","title":{"rendered":"2012"},"content":{"rendered":"\n<h2 class=\"has-text-align-center wp-block-heading\">Da blaue Kruag<\/h2>\n\n\n\n<p class=\"has-text-align-center\">Kom\u00f6die in 3 Akten von Peter Landstorfer<\/p>\n\n\n\n<p> In Kloaberg-Schmuggling soll das alte, kleine Dorfkircherl abgerissen und daf\u00fcr eine neue, gro\u00dfe Kirche f\u00fcr alle umliegenden Gemeinden gebaut werden. Das Ordinariat schickt den Kirchenbauer Rotzenbichler, genannt \u201eDer bayerische Bernini\u201c, um \u00fcberpr\u00fcfen zu lassen, ob sich Kloaberg-Schmuggling f\u00fcr den Bau der neuen Kirche letztendlich auch wirklich eignet. Bei den Dorfbewohnern st\u00f6\u00dft Bernini aber auf f\u00fcr ihn v\u00f6llig unverst\u00e4ndliche Ablehnung. Man versucht ihn mit widersinnigsten und irrwitzigsten Argumenten von einer positiven Bewertung abzubringen. Als aber alles nicht zu fruchten scheint, kommt ausgerechnet der Pater auf die Idee, Bernini eine Kom\u00f6die vorzuspielen, die ihm das F\u00fcrchten lehren und dem Kircherl sein Geheimnis bewahren helfen soll&#8230; <\/p>\n\n\n\nngg_shortcode_0_placeholder\n","protected":false},"excerpt":{"rendered":"<p>Da blaue Kruag Kom\u00f6die in 3 Akten von Peter Landstorfer In Kloaberg-Schmuggling soll das alte, kleine Dorfkircherl abgerissen und daf\u00fcr eine neue, gro\u00dfe Kirche f\u00fcr alle umliegenden Gemeinden gebaut werden. Das Ordinariat schickt den Kirchenbauer Rotzenbichler, genannt \u201eDer bayerische Bernini\u201c, um \u00fcberpr\u00fcfen zu lassen, ob sich Kloaberg-Schmuggling f\u00fcr den Bau der neuen Kirche letztendlich auch wirklich eignet. Bei den Dorfbewohnern st\u00f6\u00dft Bernini aber auf f\u00fcr ihn v\u00f6llig unverst\u00e4ndliche Ablehnung. Man versucht ihn mit widersinnigsten und irrwitzigsten Argumenten von einer positiven&#8230;<\/p>\n<p class=\"read-more\"><a class=\"btn btn-default\" href=\"https:\/\/theaterfreunde-steinberg.de\/?page_id=130\">Weiterlesen<span class=\"screen-reader-text\"> Weiterlesen<\/span><\/a><\/p>\n","protected":false},"author":1,"featured_media":0,"parent":0,"menu_order":0,"comment_status":"closed","ping_status":"closed","template":"","meta":{"ngg_post_thumbnail":0,"footnotes":""},"class_list":["post-130","page","type-page","status-publish","hentry"],"_links":{"self":[{"href":"https:\/\/theaterfreunde-steinberg.de\/index.php?rest_route=\/wp\/v2\/pages\/130","targetHints":{"allow":["GET"]}}],"collection":[{"href":"https:\/\/theaterfreunde-steinberg.de\/index.php?rest_route=\/wp\/v2\/pages"}],"about":[{"href":"https:\/\/theaterfreunde-steinberg.de\/index.php?rest_route=\/wp\/v2\/types\/page"}],"author":[{"embeddable":true,"href":"https:\/\/theaterfreunde-steinberg.de\/index.php?rest_route=\/wp\/v2\/users\/1"}],"replies":[{"embeddable":true,"href":"https:\/\/theaterfreunde-steinberg.de\/index.php?rest_route=%2Fwp%2Fv2%2Fcomments&post=130"}],"version-history":[{"count":3,"href":"https:\/\/theaterfreunde-steinberg.de\/index.php?rest_route=\/wp\/v2\/pages\/130\/revisions"}],"predecessor-version":[{"id":399,"href":"https:\/\/theaterfreunde-steinberg.de\/index.php?rest_route=\/wp\/v2\/pages\/130\/revisions\/399"}],"wp:attachment":[{"href":"https:\/\/theaterfreunde-steinberg.de\/index.php?rest_route=%2Fwp%2Fv2%2Fmedia&parent=130"}],"curies":[{"name":"wp","href":"https:\/\/api.w.org\/{rel}","templated":true}]}}