{"id":132,"date":"2019-10-09T18:47:29","date_gmt":"2019-10-09T16:47:29","guid":{"rendered":"http:\/\/test.theaterfreunde-steinberg.de\/?page_id=132"},"modified":"2019-10-09T20:21:03","modified_gmt":"2019-10-09T18:21:03","slug":"2011-2","status":"publish","type":"page","link":"https:\/\/theaterfreunde-steinberg.de\/?page_id=132","title":{"rendered":"2011"},"content":{"rendered":"\n<h2 class=\"has-text-align-center wp-block-heading\">Da kahle Krempling<\/h2>\n\n\n\n<p class=\"has-text-align-center\">Kom\u00f6die in 3 Akten von Peter Landstofer <\/p>\n\n\n\n<p> Tante Paula l\u00e4sst an jedem runden Geburtstag ihre Erben in Reih und Glied antanzen. Mehr oder weniger lustlos wird dieser Pflichtbesuch von den Eingeladenen angetreten. So erwartet sie auch ein anstrengendes Essen, da Tantchen an jeden so ihre W\u00fcnsche und Aufgaben verteilt. So verschieden und skurril die Charaktere auch sind, ein gemeinsames Ziel haben sie alle: das Erbe. Als Tante Paula ihnen erz\u00e4hlt, dass sie in Zukunft als kleine Anerkennung von ihren G\u00e4sten zu jedem Geburtstag ein kleines S\u00fcmmchen Geld haben will, welches sich jedes Jahr verdoppelt, wird den Anwesenden allm\u00e4hlich klar, dass in Anbetracht des grandiosen Gesundheitszustands der Tante hier noch einiges zu zahlen ist, bevor das gro\u00dfe Erbe angefasst werden kann. Denn: wer nicht mitzahlt, wird enterbt. Waren die bis jetzt durchgestandenen Geburtstage der Tante v\u00f6llig umsonst oder kann vielleicht der perfekte Mord Abhilfe schaffen \u2026? <\/p>\n\n\n\nngg_shortcode_0_placeholder\n","protected":false},"excerpt":{"rendered":"<p>Da kahle Krempling Kom\u00f6die in 3 Akten von Peter Landstofer Tante Paula l\u00e4sst an jedem runden Geburtstag ihre Erben in Reih und Glied antanzen. Mehr oder weniger lustlos wird dieser Pflichtbesuch von den Eingeladenen angetreten. So erwartet sie auch ein anstrengendes Essen, da Tantchen an jeden so ihre W\u00fcnsche und Aufgaben verteilt. So verschieden und skurril die Charaktere auch sind, ein gemeinsames Ziel haben sie alle: das Erbe. Als Tante Paula ihnen erz\u00e4hlt, dass sie in Zukunft als kleine Anerkennung&#8230;<\/p>\n<p class=\"read-more\"><a class=\"btn btn-default\" href=\"https:\/\/theaterfreunde-steinberg.de\/?page_id=132\">Weiterlesen<span class=\"screen-reader-text\"> Weiterlesen<\/span><\/a><\/p>\n","protected":false},"author":1,"featured_media":0,"parent":0,"menu_order":0,"comment_status":"closed","ping_status":"closed","template":"","meta":{"ngg_post_thumbnail":0,"footnotes":""},"class_list":["post-132","page","type-page","status-publish","hentry"],"_links":{"self":[{"href":"https:\/\/theaterfreunde-steinberg.de\/index.php?rest_route=\/wp\/v2\/pages\/132","targetHints":{"allow":["GET"]}}],"collection":[{"href":"https:\/\/theaterfreunde-steinberg.de\/index.php?rest_route=\/wp\/v2\/pages"}],"about":[{"href":"https:\/\/theaterfreunde-steinberg.de\/index.php?rest_route=\/wp\/v2\/types\/page"}],"author":[{"embeddable":true,"href":"https:\/\/theaterfreunde-steinberg.de\/index.php?rest_route=\/wp\/v2\/users\/1"}],"replies":[{"embeddable":true,"href":"https:\/\/theaterfreunde-steinberg.de\/index.php?rest_route=%2Fwp%2Fv2%2Fcomments&post=132"}],"version-history":[{"count":3,"href":"https:\/\/theaterfreunde-steinberg.de\/index.php?rest_route=\/wp\/v2\/pages\/132\/revisions"}],"predecessor-version":[{"id":411,"href":"https:\/\/theaterfreunde-steinberg.de\/index.php?rest_route=\/wp\/v2\/pages\/132\/revisions\/411"}],"wp:attachment":[{"href":"https:\/\/theaterfreunde-steinberg.de\/index.php?rest_route=%2Fwp%2Fv2%2Fmedia&parent=132"}],"curies":[{"name":"wp","href":"https:\/\/api.w.org\/{rel}","templated":true}]}}