{"id":134,"date":"2019-10-09T18:47:36","date_gmt":"2019-10-09T16:47:36","guid":{"rendered":"http:\/\/test.theaterfreunde-steinberg.de\/?page_id=134"},"modified":"2019-10-09T20:23:08","modified_gmt":"2019-10-09T18:23:08","slug":"2010-2","status":"publish","type":"page","link":"https:\/\/theaterfreunde-steinberg.de\/?page_id=134","title":{"rendered":"2010"},"content":{"rendered":"\n<h2 class=\"has-text-align-center wp-block-heading\">Der bayerische Protectulus<\/h2>\n\n\n\n<p class=\"has-text-align-center\">Kom\u00f6die in 3 Akten von Peter Landstorfer<\/p>\n\n\n\n<p> Bei Gustl geht alles drunter und dr\u00fcber, seine Frau erwischt ihn, als er mal wieder betrunken nach Hause kommt und zu allem \u00dcbel auch noch seinen besten Ochsen verspielt hat. Kein Wunder, denn sein Schutzengel hat sich ein paar Tage Urlaub geg\u00f6nnt und ist nun entsetzt, was sein Sch\u00fctzling in seiner Abwesenheit alles angestellt hat. Er muss nun einiges einstecken, um seiner Position als Schutzengel wieder gerecht zu werden und Gustl wieder aus der Patsche zu helfen. <\/p>\n\n\n\nngg_shortcode_0_placeholder\n","protected":false},"excerpt":{"rendered":"<p>Der bayerische Protectulus Kom\u00f6die in 3 Akten von Peter Landstorfer Bei Gustl geht alles drunter und dr\u00fcber, seine Frau erwischt ihn, als er mal wieder betrunken nach Hause kommt und zu allem \u00dcbel auch noch seinen besten Ochsen verspielt hat. Kein Wunder, denn sein Schutzengel hat sich ein paar Tage Urlaub geg\u00f6nnt und ist nun entsetzt, was sein Sch\u00fctzling in seiner Abwesenheit alles angestellt hat. Er muss nun einiges einstecken, um seiner Position als Schutzengel wieder gerecht zu werden und&#8230;<\/p>\n<p class=\"read-more\"><a class=\"btn btn-default\" href=\"https:\/\/theaterfreunde-steinberg.de\/?page_id=134\">Weiterlesen<span class=\"screen-reader-text\"> Weiterlesen<\/span><\/a><\/p>\n","protected":false},"author":1,"featured_media":0,"parent":0,"menu_order":0,"comment_status":"closed","ping_status":"closed","template":"","meta":{"ngg_post_thumbnail":0,"footnotes":""},"class_list":["post-134","page","type-page","status-publish","hentry"],"_links":{"self":[{"href":"https:\/\/theaterfreunde-steinberg.de\/index.php?rest_route=\/wp\/v2\/pages\/134","targetHints":{"allow":["GET"]}}],"collection":[{"href":"https:\/\/theaterfreunde-steinberg.de\/index.php?rest_route=\/wp\/v2\/pages"}],"about":[{"href":"https:\/\/theaterfreunde-steinberg.de\/index.php?rest_route=\/wp\/v2\/types\/page"}],"author":[{"embeddable":true,"href":"https:\/\/theaterfreunde-steinberg.de\/index.php?rest_route=\/wp\/v2\/users\/1"}],"replies":[{"embeddable":true,"href":"https:\/\/theaterfreunde-steinberg.de\/index.php?rest_route=%2Fwp%2Fv2%2Fcomments&post=134"}],"version-history":[{"count":3,"href":"https:\/\/theaterfreunde-steinberg.de\/index.php?rest_route=\/wp\/v2\/pages\/134\/revisions"}],"predecessor-version":[{"id":416,"href":"https:\/\/theaterfreunde-steinberg.de\/index.php?rest_route=\/wp\/v2\/pages\/134\/revisions\/416"}],"wp:attachment":[{"href":"https:\/\/theaterfreunde-steinberg.de\/index.php?rest_route=%2Fwp%2Fv2%2Fmedia&parent=134"}],"curies":[{"name":"wp","href":"https:\/\/api.w.org\/{rel}","templated":true}]}}