{"id":136,"date":"2019-10-09T18:47:44","date_gmt":"2019-10-09T16:47:44","guid":{"rendered":"http:\/\/test.theaterfreunde-steinberg.de\/?page_id=136"},"modified":"2019-10-09T20:25:06","modified_gmt":"2019-10-09T18:25:06","slug":"2009-2","status":"publish","type":"page","link":"https:\/\/theaterfreunde-steinberg.de\/?page_id=136","title":{"rendered":"2009"},"content":{"rendered":"\n<h2 class=\"has-text-align-center wp-block-heading\">Da Schippedupfer<\/h2>\n\n\n\n<p class=\"has-text-align-center\">Kom\u00f6die in 3 Akten von Peter Landstorfer<\/p>\n\n\n\n<p> Allj\u00e4hrlicher Schauplatz f\u00fcr das Schippedupfen ist Haiperting im Herzen von S\u00fcdnordbayern nahe der Grenze zur ungarischen Schweiz. Schippedupfen kann und darf praktisch jeder: Bayern, Preu\u00dfen, \u00d6sterreicher\u2026 Das Wetter spielt eine untergeordnete Rolle und Schippedupferk\u00f6nig \u2013 Sieger des allj\u00e4hrlichen Schippedupferturniers \u2013 kann eigentlich nur ein Haipertinger werden. Es haben auch schon Frauen versucht, aber wie man sich denken kann, hatten sie kaum Chancen und ihre Anstrengungen auf den begehrten Titel sind kaum nennenswert. Es gibt zwei wichtige Regeln: Man muss p\u00fcnktlich sein und die Zehenn\u00e4gel des rechten Fu\u00dfes m\u00fcssen frisch geschnitten sein und die des linken nat\u00fcrlich auch. Kurz gesagt: Schippedupfen kann man ledig, verheiratet und als Witwer. Es hat sogar schon einen gegeben, der mit achtzig noch Schippedupferk\u00f6nig geworden ist\u2026 Also, auf geht\u2019s zum Schippedupfen nach Haiperting oder auch sonst wo hin\u2026 <\/p>\n\n\n\nngg_shortcode_0_placeholder\n","protected":false},"excerpt":{"rendered":"<p>Da Schippedupfer Kom\u00f6die in 3 Akten von Peter Landstorfer Allj\u00e4hrlicher Schauplatz f\u00fcr das Schippedupfen ist Haiperting im Herzen von S\u00fcdnordbayern nahe der Grenze zur ungarischen Schweiz. Schippedupfen kann und darf praktisch jeder: Bayern, Preu\u00dfen, \u00d6sterreicher\u2026 Das Wetter spielt eine untergeordnete Rolle und Schippedupferk\u00f6nig \u2013 Sieger des allj\u00e4hrlichen Schippedupferturniers \u2013 kann eigentlich nur ein Haipertinger werden. Es haben auch schon Frauen versucht, aber wie man sich denken kann, hatten sie kaum Chancen und ihre Anstrengungen auf den begehrten Titel sind kaum&#8230;<\/p>\n<p class=\"read-more\"><a class=\"btn btn-default\" href=\"https:\/\/theaterfreunde-steinberg.de\/?page_id=136\">Weiterlesen<span class=\"screen-reader-text\"> Weiterlesen<\/span><\/a><\/p>\n","protected":false},"author":1,"featured_media":0,"parent":0,"menu_order":0,"comment_status":"closed","ping_status":"closed","template":"","meta":{"ngg_post_thumbnail":0,"footnotes":""},"class_list":["post-136","page","type-page","status-publish","hentry"],"_links":{"self":[{"href":"https:\/\/theaterfreunde-steinberg.de\/index.php?rest_route=\/wp\/v2\/pages\/136","targetHints":{"allow":["GET"]}}],"collection":[{"href":"https:\/\/theaterfreunde-steinberg.de\/index.php?rest_route=\/wp\/v2\/pages"}],"about":[{"href":"https:\/\/theaterfreunde-steinberg.de\/index.php?rest_route=\/wp\/v2\/types\/page"}],"author":[{"embeddable":true,"href":"https:\/\/theaterfreunde-steinberg.de\/index.php?rest_route=\/wp\/v2\/users\/1"}],"replies":[{"embeddable":true,"href":"https:\/\/theaterfreunde-steinberg.de\/index.php?rest_route=%2Fwp%2Fv2%2Fcomments&post=136"}],"version-history":[{"count":2,"href":"https:\/\/theaterfreunde-steinberg.de\/index.php?rest_route=\/wp\/v2\/pages\/136\/revisions"}],"predecessor-version":[{"id":435,"href":"https:\/\/theaterfreunde-steinberg.de\/index.php?rest_route=\/wp\/v2\/pages\/136\/revisions\/435"}],"wp:attachment":[{"href":"https:\/\/theaterfreunde-steinberg.de\/index.php?rest_route=%2Fwp%2Fv2%2Fmedia&parent=136"}],"curies":[{"name":"wp","href":"https:\/\/api.w.org\/{rel}","templated":true}]}}