{"id":1398,"date":"2025-07-06T14:34:53","date_gmt":"2025-07-06T12:34:53","guid":{"rendered":"https:\/\/theaterfreunde-steinberg.de\/?page_id=1398"},"modified":"2025-07-06T14:39:31","modified_gmt":"2025-07-06T12:39:31","slug":"kindertheater-2025","status":"publish","type":"page","link":"https:\/\/theaterfreunde-steinberg.de\/?page_id=1398","title":{"rendered":"KINDERTHEATER 2025"},"content":{"rendered":"\n<h2 class=\"wp-block-heading has-text-align-center\">Dornr\u00f6schen auf Wanderschaft<\/h2>\n\n\n\n<p class=\"has-text-align-center\">von Helmut Glatz<\/p>\n\n\n\n<p><strong>Um was ging&#8217;s?<\/strong><\/p>\n\n\n\n<p>Das St\u00fcck begann wie das bekannte M\u00e4rchen Dornr\u00f6schen. Dem K\u00f6nigspaar wird ein Kind geboren und es gibt eine gro\u00dfe Feier f\u00fcr alle. Beim Geburtstagsfest vergisst man aber die Schwarze Fee einzuladen, die daraufhin einen Fluch ausspricht. Neid, Geiz und Ungl\u00fcck kommen \u00fcber das Land.<\/p>\n\n\n\n<p>In diesem St\u00fcck verf\u00e4llt Dornr\u00f6schen aber in keinen hundertj\u00e4hrigen Schlaf, sondern muss in die Welt hinauswandern, um drei Aufgaben zu erf\u00fcllen. Bei Frau Holle verdient sich Dornr\u00f6schen eine Fl\u00f6te, den Prinzen befreit es von den R\u00e4ubern und zum Schluss besiegt die Prinzessin den b\u00f6sen Drachen Schmerbauch. Danach kann Dornr\u00f6schen wieder heimkehren, um ihr Land vom b\u00f6sen Fluch der Fee zu erl\u00f6sen. Wie es allerdings ausgeht und welche H\u00fcrden auf sie zukommen, das kann nur am Steinberger Dorfplatz beantwortet werden&#8230;<br><\/p>\n\n\n\n<p class=\"has-text-align-center\"><strong>Auff\u00fchrungstermine:<\/strong><\/p>\n\n\n\n<p class=\"has-text-align-center\">Samstag, 28. Juni 2025, 15:00 Uhr<\/p>\n\n\n\n<p class=\"has-text-align-center\">Samstag, 5. Juli 2025, 15:00 Uhr<\/p>\n\n\n\nngg_shortcode_0_placeholder\n","protected":false},"excerpt":{"rendered":"<p>Dornr\u00f6schen auf Wanderschaft von Helmut Glatz Um was ging&#8217;s? Das St\u00fcck begann wie das bekannte M\u00e4rchen Dornr\u00f6schen. Dem K\u00f6nigspaar wird ein Kind geboren und es gibt eine gro\u00dfe Feier f\u00fcr alle. Beim Geburtstagsfest vergisst man aber die Schwarze Fee einzuladen, die daraufhin einen Fluch ausspricht. Neid, Geiz und Ungl\u00fcck kommen \u00fcber das Land. In diesem St\u00fcck verf\u00e4llt Dornr\u00f6schen aber in keinen hundertj\u00e4hrigen Schlaf, sondern muss in die Welt hinauswandern, um drei Aufgaben zu erf\u00fcllen. Bei Frau Holle verdient sich Dornr\u00f6schen&#8230;<\/p>\n<p class=\"read-more\"><a class=\"btn btn-default\" href=\"https:\/\/theaterfreunde-steinberg.de\/?page_id=1398\">Weiterlesen<span class=\"screen-reader-text\"> Weiterlesen<\/span><\/a><\/p>\n","protected":false},"author":1,"featured_media":0,"parent":0,"menu_order":0,"comment_status":"closed","ping_status":"closed","template":"","meta":{"ngg_post_thumbnail":0,"footnotes":""},"class_list":["post-1398","page","type-page","status-publish","hentry"],"_links":{"self":[{"href":"https:\/\/theaterfreunde-steinberg.de\/index.php?rest_route=\/wp\/v2\/pages\/1398","targetHints":{"allow":["GET"]}}],"collection":[{"href":"https:\/\/theaterfreunde-steinberg.de\/index.php?rest_route=\/wp\/v2\/pages"}],"about":[{"href":"https:\/\/theaterfreunde-steinberg.de\/index.php?rest_route=\/wp\/v2\/types\/page"}],"author":[{"embeddable":true,"href":"https:\/\/theaterfreunde-steinberg.de\/index.php?rest_route=\/wp\/v2\/users\/1"}],"replies":[{"embeddable":true,"href":"https:\/\/theaterfreunde-steinberg.de\/index.php?rest_route=%2Fwp%2Fv2%2Fcomments&post=1398"}],"version-history":[{"count":2,"href":"https:\/\/theaterfreunde-steinberg.de\/index.php?rest_route=\/wp\/v2\/pages\/1398\/revisions"}],"predecessor-version":[{"id":1434,"href":"https:\/\/theaterfreunde-steinberg.de\/index.php?rest_route=\/wp\/v2\/pages\/1398\/revisions\/1434"}],"wp:attachment":[{"href":"https:\/\/theaterfreunde-steinberg.de\/index.php?rest_route=%2Fwp%2Fv2%2Fmedia&parent=1398"}],"curies":[{"name":"wp","href":"https:\/\/api.w.org\/{rel}","templated":true}]}}