{"id":142,"date":"2019-10-09T18:48:14","date_gmt":"2019-10-09T16:48:14","guid":{"rendered":"http:\/\/test.theaterfreunde-steinberg.de\/?page_id=142"},"modified":"2019-10-09T20:37:20","modified_gmt":"2019-10-09T18:37:20","slug":"2006-2","status":"publish","type":"page","link":"https:\/\/theaterfreunde-steinberg.de\/?page_id=142","title":{"rendered":"2006"},"content":{"rendered":"\n<h2 class=\"has-text-align-center wp-block-heading\">Die bayerische Prohibition<\/h2>\n\n\n\n<p class=\"has-text-align-center\">Kom\u00f6die in drei Akten von Peter Landstorfer<\/p>\n\n\n\n<p>Ein neues Gesetz soll in Bayern die Herstellung, den Vertrieb und den Genu\u00df von Schnaps verbieten. Und ausgerechnet w\u00e4hrend der Vorbereitungen zum allj\u00e4hrlichen Brandltag erfolgt der Aushang dieser &#8222;preu\u00dfischen&#8220; Verordnung. Doch der Brandlwirt mit seinen Freunden, dem Mesner, dem Postboten, dem Bader und dem Totengr\u00e4ber beschlie\u00dft weiterzubrennen. Mitten ins Abf\u00fcllen des neuen Schnapses platzt der Kontrolleur aus der Stadt, der alles beschlagnahmen will und bei Zuwiderhandlung gegen das Gesetz mit Verhaftung droht. Da verl\u00e4\u00dft die f\u00fcnf M\u00e4nner ihr Mut. <\/p>\n\n\n\n<figure class=\"wp-block-gallery columns-2 is-cropped wp-block-gallery-1 is-layout-flex wp-block-gallery-is-layout-flex\"><ul class=\"blocks-gallery-grid\"><li class=\"blocks-gallery-item\"><figure><img loading=\"lazy\" decoding=\"async\" width=\"1024\" height=\"768\" src=\"http:\/\/test.theaterfreunde-steinberg.de\/wp-content\/uploads\/2019\/10\/DSC05305-1024x768.jpg\" alt=\"\" data-id=\"514\" data-full-url=\"http:\/\/test.theaterfreunde-steinberg.de\/wp-content\/uploads\/2019\/10\/DSC05305.jpg\" data-link=\"http:\/\/test.theaterfreunde-steinberg.de\/?attachment_id=514\" class=\"wp-image-514\" srcset=\"https:\/\/theaterfreunde-steinberg.de\/wp-content\/uploads\/2019\/10\/DSC05305-1024x768.jpg 1024w, https:\/\/theaterfreunde-steinberg.de\/wp-content\/uploads\/2019\/10\/DSC05305-300x225.jpg 300w, https:\/\/theaterfreunde-steinberg.de\/wp-content\/uploads\/2019\/10\/DSC05305-768x576.jpg 768w, https:\/\/theaterfreunde-steinberg.de\/wp-content\/uploads\/2019\/10\/DSC05305-360x270.jpg 360w\" sizes=\"auto, (max-width: 1024px) 100vw, 1024px\" \/><\/figure><\/li><li class=\"blocks-gallery-item\"><figure><img loading=\"lazy\" decoding=\"async\" width=\"1024\" height=\"768\" src=\"http:\/\/test.theaterfreunde-steinberg.de\/wp-content\/uploads\/2019\/10\/DSC05401-1024x768.jpg\" alt=\"\" data-id=\"516\" data-full-url=\"http:\/\/test.theaterfreunde-steinberg.de\/wp-content\/uploads\/2019\/10\/DSC05401.jpg\" data-link=\"http:\/\/test.theaterfreunde-steinberg.de\/?attachment_id=516\" class=\"wp-image-516\" srcset=\"https:\/\/theaterfreunde-steinberg.de\/wp-content\/uploads\/2019\/10\/DSC05401-1024x768.jpg 1024w, https:\/\/theaterfreunde-steinberg.de\/wp-content\/uploads\/2019\/10\/DSC05401-300x225.jpg 300w, https:\/\/theaterfreunde-steinberg.de\/wp-content\/uploads\/2019\/10\/DSC05401-768x576.jpg 768w, https:\/\/theaterfreunde-steinberg.de\/wp-content\/uploads\/2019\/10\/DSC05401-360x270.jpg 360w\" sizes=\"auto, (max-width: 1024px) 100vw, 1024px\" \/><\/figure><\/li><\/ul><\/figure>\n\n\n\n<p>Wenn nicht die Wirtin, die Pfarrersk\u00f6chin und die Totengraberin die Sache in die Hand nehmen w\u00fcrden, g\u00e4be es heuer keinen neuen Schnaps und keinen Brandltag. Die M\u00e4nner beobachten deren Aktivit\u00e4ten skeptisch, bis sie dich eingestehen m\u00fcssen, dass deren Plan, den nicht genie\u00dfbaren Vorlauf zur Beschlagnahme zu gebe, den Schnaps in Weihwasserflaschen abzuf\u00fcllen und diesen dann in der Sakristei zu vertreiben, gut durchdacht ist. Ein kleiner Seitenhieb auf die Mannesehre gen\u00fcgt, um sie wieder zum Mitmachen zu bewegen. Einige brenzliche Situationen m\u00fcssen \u00fcberstanden werden, bis der Kontrolleur zufriedengestellt ist. Doch eine kleine Unachtsamkeit wird ihnen zum Verh\u00e4ngnis und alle werden verhaftet. Dass es am Ende doch noch zum Brandltag kommt, ist vor allem den Tr\u00e4umereien des Wirts zu verdanken.<\/p>\n\n\n\nngg_shortcode_0_placeholder\n","protected":false},"excerpt":{"rendered":"<p>Die bayerische Prohibition Kom\u00f6die in drei Akten von Peter Landstorfer Ein neues Gesetz soll in Bayern die Herstellung, den Vertrieb und den Genu\u00df von Schnaps verbieten. Und ausgerechnet w\u00e4hrend der Vorbereitungen zum allj\u00e4hrlichen Brandltag erfolgt der Aushang dieser &#8222;preu\u00dfischen&#8220; Verordnung. Doch der Brandlwirt mit seinen Freunden, dem Mesner, dem Postboten, dem Bader und dem Totengr\u00e4ber beschlie\u00dft weiterzubrennen. Mitten ins Abf\u00fcllen des neuen Schnapses platzt der Kontrolleur aus der Stadt, der alles beschlagnahmen will und bei Zuwiderhandlung gegen das Gesetz mit&#8230;<\/p>\n<p class=\"read-more\"><a class=\"btn btn-default\" href=\"https:\/\/theaterfreunde-steinberg.de\/?page_id=142\">Weiterlesen<span class=\"screen-reader-text\"> Weiterlesen<\/span><\/a><\/p>\n","protected":false},"author":1,"featured_media":0,"parent":0,"menu_order":0,"comment_status":"closed","ping_status":"closed","template":"","meta":{"ngg_post_thumbnail":0,"footnotes":""},"class_list":["post-142","page","type-page","status-publish","hentry"],"_links":{"self":[{"href":"https:\/\/theaterfreunde-steinberg.de\/index.php?rest_route=\/wp\/v2\/pages\/142","targetHints":{"allow":["GET"]}}],"collection":[{"href":"https:\/\/theaterfreunde-steinberg.de\/index.php?rest_route=\/wp\/v2\/pages"}],"about":[{"href":"https:\/\/theaterfreunde-steinberg.de\/index.php?rest_route=\/wp\/v2\/types\/page"}],"author":[{"embeddable":true,"href":"https:\/\/theaterfreunde-steinberg.de\/index.php?rest_route=\/wp\/v2\/users\/1"}],"replies":[{"embeddable":true,"href":"https:\/\/theaterfreunde-steinberg.de\/index.php?rest_route=%2Fwp%2Fv2%2Fcomments&post=142"}],"version-history":[{"count":3,"href":"https:\/\/theaterfreunde-steinberg.de\/index.php?rest_route=\/wp\/v2\/pages\/142\/revisions"}],"predecessor-version":[{"id":519,"href":"https:\/\/theaterfreunde-steinberg.de\/index.php?rest_route=\/wp\/v2\/pages\/142\/revisions\/519"}],"wp:attachment":[{"href":"https:\/\/theaterfreunde-steinberg.de\/index.php?rest_route=%2Fwp%2Fv2%2Fmedia&parent=142"}],"curies":[{"name":"wp","href":"https:\/\/api.w.org\/{rel}","templated":true}]}}