{"id":144,"date":"2019-10-09T18:48:20","date_gmt":"2019-10-09T16:48:20","guid":{"rendered":"http:\/\/test.theaterfreunde-steinberg.de\/?page_id=144"},"modified":"2019-10-09T20:40:14","modified_gmt":"2019-10-09T18:40:14","slug":"2005-2","status":"publish","type":"page","link":"https:\/\/theaterfreunde-steinberg.de\/?page_id=144","title":{"rendered":"2005"},"content":{"rendered":"\n<h2 class=\"has-text-align-center wp-block-heading\">D&#8217;Wahl-Lump&#8217;n<\/h2>\n\n\n\n<p class=\"has-text-align-center\">Eine bayerische Kom\u00f6die in drei Akten von Peter Landstorfer<\/p>\n\n\n\n<p>Die Gemeinde Steinberg steht kurz vor der B\u00fcrgermeisterwahl. Der amtierende B\u00fcrgermeister Franz- Xaver Irlacher kann seine Wiederwahl getrost entgegen sehen, hatte er doch noch nie einen Gegenkandidat. Dementsprechend tr\u00e4ge f\u00fchrt er auch zusammen mit seinem Gemeindebeamten Wimmerl die Amtsgesch\u00e4fte.<\/p>\n\n\n\n<p>Doch dann kommt alles ganz anders. Pl\u00f6tzlich gibt es einen 2 Kandidaten, der von den Frauen des Dorfes unterst\u00fctzt wird.Ein hei\u00dfer Wahlkampf\u00a0 entbrennt, der in einem ungleichen Rededuell der beiden Bewerber am Wahltag gipfelt.<br><\/p>\n\n\n\n<p>Keiner kann sich seiner Wahl sicher sein und so beschlie\u00dft man in beiden Lagern, dem Wahlergebnis durch eine Lumperei etwas auf die Spr\u00fcnge zu helfen.<\/p>\n\n\n\nngg_shortcode_0_placeholder\n","protected":false},"excerpt":{"rendered":"<p>D&#8217;Wahl-Lump&#8217;n Eine bayerische Kom\u00f6die in drei Akten von Peter Landstorfer Die Gemeinde Steinberg steht kurz vor der B\u00fcrgermeisterwahl. Der amtierende B\u00fcrgermeister Franz- Xaver Irlacher kann seine Wiederwahl getrost entgegen sehen, hatte er doch noch nie einen Gegenkandidat. Dementsprechend tr\u00e4ge f\u00fchrt er auch zusammen mit seinem Gemeindebeamten Wimmerl die Amtsgesch\u00e4fte. Doch dann kommt alles ganz anders. Pl\u00f6tzlich gibt es einen 2 Kandidaten, der von den Frauen des Dorfes unterst\u00fctzt wird.Ein hei\u00dfer Wahlkampf\u00a0 entbrennt, der in einem ungleichen Rededuell der beiden Bewerber&#8230;<\/p>\n<p class=\"read-more\"><a class=\"btn btn-default\" href=\"https:\/\/theaterfreunde-steinberg.de\/?page_id=144\">Weiterlesen<span class=\"screen-reader-text\"> Weiterlesen<\/span><\/a><\/p>\n","protected":false},"author":1,"featured_media":0,"parent":0,"menu_order":0,"comment_status":"closed","ping_status":"closed","template":"","meta":{"ngg_post_thumbnail":0,"footnotes":""},"class_list":["post-144","page","type-page","status-publish","hentry"],"_links":{"self":[{"href":"https:\/\/theaterfreunde-steinberg.de\/index.php?rest_route=\/wp\/v2\/pages\/144","targetHints":{"allow":["GET"]}}],"collection":[{"href":"https:\/\/theaterfreunde-steinberg.de\/index.php?rest_route=\/wp\/v2\/pages"}],"about":[{"href":"https:\/\/theaterfreunde-steinberg.de\/index.php?rest_route=\/wp\/v2\/types\/page"}],"author":[{"embeddable":true,"href":"https:\/\/theaterfreunde-steinberg.de\/index.php?rest_route=\/wp\/v2\/users\/1"}],"replies":[{"embeddable":true,"href":"https:\/\/theaterfreunde-steinberg.de\/index.php?rest_route=%2Fwp%2Fv2%2Fcomments&post=144"}],"version-history":[{"count":4,"href":"https:\/\/theaterfreunde-steinberg.de\/index.php?rest_route=\/wp\/v2\/pages\/144\/revisions"}],"predecessor-version":[{"id":541,"href":"https:\/\/theaterfreunde-steinberg.de\/index.php?rest_route=\/wp\/v2\/pages\/144\/revisions\/541"}],"wp:attachment":[{"href":"https:\/\/theaterfreunde-steinberg.de\/index.php?rest_route=%2Fwp%2Fv2%2Fmedia&parent=144"}],"curies":[{"name":"wp","href":"https:\/\/api.w.org\/{rel}","templated":true}]}}