{"id":146,"date":"2019-10-09T18:48:37","date_gmt":"2019-10-09T16:48:37","guid":{"rendered":"http:\/\/test.theaterfreunde-steinberg.de\/?page_id=146"},"modified":"2019-10-09T20:41:43","modified_gmt":"2019-10-09T18:41:43","slug":"2004-2","status":"publish","type":"page","link":"https:\/\/theaterfreunde-steinberg.de\/?page_id=146","title":{"rendered":"2004"},"content":{"rendered":"\n<h2 class=\"has-text-align-center wp-block-heading\">s&#8217;El\u00e4drische<\/h2>\n\n\n\n<p class=\"has-text-align-center\">Lustiges Volksst\u00fcck in drei Akten von Peter Landstorfer<\/p>\n\n\n\n<p>Seit der Hof\u00fcbergabe ger\u00e4t am Vorreitner Hof so einiges in Bewegung. Nicht nur, dass der Jungbauer Sixt mit alten Br\u00e4uchen bricht, und eine Stalldirn einfach unterm Jahr einstellt, er versucht auch gegen den Willen der Altb\u00e4uerin auf seinem Hof den Fortschritt einzuf\u00fchren. Er will als erster im ganzen G\u00e4u &#8222;As El\u00e4drische&#8220; auf seinem Hof haben.<br> Der Viehh\u00e4ndler Girgl steht ihm mit Rat und Tat zur Seite, wei\u00df dieser doch, dass &#8222;as Licht im Werk hinten neikommt und dass dann vorn wieder rauskommt&#8220;, aber &#8222;&#8230;bei der Nacht geht des nat\u00fcrlich net&#8220;. Gut, dass der Stromer Licht in die Angelegenheit bringen kann, sto\u00dfen doch Kabel, Gl\u00fchbirne und Schalter auf totales Unverst\u00e4ndnis auf dem Vorreitner Hof. Dass die Einf\u00fchrung der Elektrizit\u00e4t und des Stroms nicht ohne einschneidende \u00c4nderungen geht, sp\u00fcren die Knecht und M\u00e4gde sehr bald. Man muss jetzt nicht nur Tag und Nacht arbeiten, sondern der Fortschritt frisst auch Arbeitspl\u00e4tze.<br> Auch der Scherfanger sieht seine Felle davonschwimmen, denn die Altb\u00e4uerin droht, dass sie seine Maulw\u00fcrfe ab sofort el\u00e4drisch fangen will. Als dann auch noch das sch\u00f6ne lauschige Sch\u00e4ferst\u00fcndchen zwischen Magd und Ro\u00dfknecht am grellen Licht der neuen Gl\u00fchbirne scheitert und im Streit endet, muss die Altb\u00e4uerin wieder zu ihrer alten Petroleumlampe greifen&#8230;<\/p>\n\n\n\nngg_shortcode_0_placeholder\n","protected":false},"excerpt":{"rendered":"<p>s&#8217;El\u00e4drische Lustiges Volksst\u00fcck in drei Akten von Peter Landstorfer Seit der Hof\u00fcbergabe ger\u00e4t am Vorreitner Hof so einiges in Bewegung. Nicht nur, dass der Jungbauer Sixt mit alten Br\u00e4uchen bricht, und eine Stalldirn einfach unterm Jahr einstellt, er versucht auch gegen den Willen der Altb\u00e4uerin auf seinem Hof den Fortschritt einzuf\u00fchren. Er will als erster im ganzen G\u00e4u &#8222;As El\u00e4drische&#8220; auf seinem Hof haben. Der Viehh\u00e4ndler Girgl steht ihm mit Rat und Tat zur Seite, wei\u00df dieser doch, dass &#8222;as&#8230;<\/p>\n<p class=\"read-more\"><a class=\"btn btn-default\" href=\"https:\/\/theaterfreunde-steinberg.de\/?page_id=146\">Weiterlesen<span class=\"screen-reader-text\"> Weiterlesen<\/span><\/a><\/p>\n","protected":false},"author":1,"featured_media":0,"parent":0,"menu_order":0,"comment_status":"closed","ping_status":"closed","template":"","meta":{"ngg_post_thumbnail":0,"footnotes":""},"class_list":["post-146","page","type-page","status-publish","hentry"],"_links":{"self":[{"href":"https:\/\/theaterfreunde-steinberg.de\/index.php?rest_route=\/wp\/v2\/pages\/146","targetHints":{"allow":["GET"]}}],"collection":[{"href":"https:\/\/theaterfreunde-steinberg.de\/index.php?rest_route=\/wp\/v2\/pages"}],"about":[{"href":"https:\/\/theaterfreunde-steinberg.de\/index.php?rest_route=\/wp\/v2\/types\/page"}],"author":[{"embeddable":true,"href":"https:\/\/theaterfreunde-steinberg.de\/index.php?rest_route=\/wp\/v2\/users\/1"}],"replies":[{"embeddable":true,"href":"https:\/\/theaterfreunde-steinberg.de\/index.php?rest_route=%2Fwp%2Fv2%2Fcomments&post=146"}],"version-history":[{"count":2,"href":"https:\/\/theaterfreunde-steinberg.de\/index.php?rest_route=\/wp\/v2\/pages\/146\/revisions"}],"predecessor-version":[{"id":554,"href":"https:\/\/theaterfreunde-steinberg.de\/index.php?rest_route=\/wp\/v2\/pages\/146\/revisions\/554"}],"wp:attachment":[{"href":"https:\/\/theaterfreunde-steinberg.de\/index.php?rest_route=%2Fwp%2Fv2%2Fmedia&parent=146"}],"curies":[{"name":"wp","href":"https:\/\/api.w.org\/{rel}","templated":true}]}}