{"id":150,"date":"2019-10-09T18:48:53","date_gmt":"2019-10-09T16:48:53","guid":{"rendered":"http:\/\/test.theaterfreunde-steinberg.de\/?page_id=150"},"modified":"2019-10-09T20:50:18","modified_gmt":"2019-10-09T18:50:18","slug":"2002-2","status":"publish","type":"page","link":"https:\/\/theaterfreunde-steinberg.de\/?page_id=150","title":{"rendered":"2002"},"content":{"rendered":"\n<h2 class=\"has-text-align-center wp-block-heading\">Der Mascara<\/h2>\n\n\n\n<p class=\"has-text-align-center\">Eine bayerische Kom\u00f6die in drei Akten von Peter Landstorfer<\/p>\n\n\n\n<p>&#8222;Der Mascara&#8220; handelt von der Gutgl\u00e4ubigkeit der Bewohner eines Dorfes, die letztendlich bereit sind, all ihr Hab und Gut einem zu \u00fcberlassen, der ihnen Gl\u00fcck, Ansehen und Reichtum verspricht.<\/p>\n\n\n\n<p>Ein bayerisches Dorf wurde bereits mehrmals von starken Unwettern heimgesucht, in deren Verlauf es schon zweimal fast zerst\u00f6rt wurde. Nur die verlassene Schmiede, der h\u00f6chste Punkt des Dorfes, wurde verschont. Deshalb halten dich die Dorfbewohner bei starken Unwettern immer dort zum Bittgebet auf. So auch zum Zeitpunkt der Handlung. Nur diesmal werden sie von einem Schutzsuchenden \u00fcberrascht. Dieser versteht es, sich deren Leichtgl\u00e4ubigkeit zum Vorteil zu machen und sie von seinen weissagerischen F\u00e4higkeiten zu \u00fcberzeugen. F\u00fcr Unterkunft, Verpflegung und neue Kleider verspricht er f\u00fcr deren Zukunft alles, was diese gerne haben und sein m\u00f6chten.<\/p>\n\n\n\n<figure class=\"wp-block-gallery columns-2 is-cropped wp-block-gallery-1 is-layout-flex wp-block-gallery-is-layout-flex\"><ul class=\"blocks-gallery-grid\"><li class=\"blocks-gallery-item\"><figure><img loading=\"lazy\" decoding=\"async\" width=\"1024\" height=\"768\" src=\"http:\/\/test.theaterfreunde-steinberg.de\/wp-content\/uploads\/2019\/10\/2002_10-Der-Mascara-39-1024x768.jpg\" alt=\"\" data-id=\"575\" data-full-url=\"http:\/\/test.theaterfreunde-steinberg.de\/wp-content\/uploads\/2019\/10\/2002_10-Der-Mascara-39.jpg\" data-link=\"http:\/\/test.theaterfreunde-steinberg.de\/?attachment_id=575\" class=\"wp-image-575\" srcset=\"https:\/\/theaterfreunde-steinberg.de\/wp-content\/uploads\/2019\/10\/2002_10-Der-Mascara-39-1024x768.jpg 1024w, https:\/\/theaterfreunde-steinberg.de\/wp-content\/uploads\/2019\/10\/2002_10-Der-Mascara-39-300x225.jpg 300w, https:\/\/theaterfreunde-steinberg.de\/wp-content\/uploads\/2019\/10\/2002_10-Der-Mascara-39-768x576.jpg 768w, https:\/\/theaterfreunde-steinberg.de\/wp-content\/uploads\/2019\/10\/2002_10-Der-Mascara-39-360x270.jpg 360w, https:\/\/theaterfreunde-steinberg.de\/wp-content\/uploads\/2019\/10\/2002_10-Der-Mascara-39.jpg 1600w\" sizes=\"auto, (max-width: 1024px) 100vw, 1024px\" \/><\/figure><\/li><li class=\"blocks-gallery-item\"><figure><img loading=\"lazy\" decoding=\"async\" width=\"1024\" height=\"768\" src=\"http:\/\/test.theaterfreunde-steinberg.de\/wp-content\/uploads\/2019\/10\/2002_10-Der-Mascara-47-1024x768.jpg\" alt=\"\" data-id=\"576\" data-full-url=\"http:\/\/test.theaterfreunde-steinberg.de\/wp-content\/uploads\/2019\/10\/2002_10-Der-Mascara-47.jpg\" data-link=\"http:\/\/test.theaterfreunde-steinberg.de\/?attachment_id=576\" class=\"wp-image-576\" srcset=\"https:\/\/theaterfreunde-steinberg.de\/wp-content\/uploads\/2019\/10\/2002_10-Der-Mascara-47-1024x768.jpg 1024w, https:\/\/theaterfreunde-steinberg.de\/wp-content\/uploads\/2019\/10\/2002_10-Der-Mascara-47-300x225.jpg 300w, https:\/\/theaterfreunde-steinberg.de\/wp-content\/uploads\/2019\/10\/2002_10-Der-Mascara-47-768x576.jpg 768w, https:\/\/theaterfreunde-steinberg.de\/wp-content\/uploads\/2019\/10\/2002_10-Der-Mascara-47-360x270.jpg 360w, https:\/\/theaterfreunde-steinberg.de\/wp-content\/uploads\/2019\/10\/2002_10-Der-Mascara-47.jpg 1600w\" sizes=\"auto, (max-width: 1024px) 100vw, 1024px\" \/><\/figure><\/li><\/ul><\/figure>\n\n\n\n<p>Eine Tagel\u00f6hnerin, die ihn als ehemaligen Knecht wiedererkennt, scheint seinem Treiben ein Ende zu setzen. Doch sie hegt Abscheu gegen ihren Dienstherren und Sympathie f\u00fcr den kessen Knecht. Und so verb\u00fcnden sich beide. Gemeinsam treiben sie es bis zur Spitze: Sie verkaufen den Dorfbewohnern unsichtbare Masken, die sie zu dem werden lassen, was sie gerne w\u00e4ren.<\/p>\n\n\n\n<p>Erst der Dorfpater schafft es, die beiden mit ihren eigenen Mitteln zu schlagen, so dass sie zuletzt gemeinsam vor den Dorfbewohnern fl\u00fcchten m\u00fcssen. Zur\u00fcck bleiben ihre alten Sachen, eine Holzmaske und die Schmach der leichtgl\u00e4ubigen\u00a0 Dorfbewohner.<\/p>\n\n\n\nngg_shortcode_0_placeholder\n","protected":false},"excerpt":{"rendered":"<p>Der Mascara Eine bayerische Kom\u00f6die in drei Akten von Peter Landstorfer &#8222;Der Mascara&#8220; handelt von der Gutgl\u00e4ubigkeit der Bewohner eines Dorfes, die letztendlich bereit sind, all ihr Hab und Gut einem zu \u00fcberlassen, der ihnen Gl\u00fcck, Ansehen und Reichtum verspricht. Ein bayerisches Dorf wurde bereits mehrmals von starken Unwettern heimgesucht, in deren Verlauf es schon zweimal fast zerst\u00f6rt wurde. Nur die verlassene Schmiede, der h\u00f6chste Punkt des Dorfes, wurde verschont. Deshalb halten dich die Dorfbewohner bei starken Unwettern immer dort&#8230;<\/p>\n<p class=\"read-more\"><a class=\"btn btn-default\" href=\"https:\/\/theaterfreunde-steinberg.de\/?page_id=150\">Weiterlesen<span class=\"screen-reader-text\"> Weiterlesen<\/span><\/a><\/p>\n","protected":false},"author":1,"featured_media":0,"parent":0,"menu_order":0,"comment_status":"closed","ping_status":"closed","template":"","meta":{"ngg_post_thumbnail":0,"footnotes":""},"class_list":["post-150","page","type-page","status-publish","hentry"],"_links":{"self":[{"href":"https:\/\/theaterfreunde-steinberg.de\/index.php?rest_route=\/wp\/v2\/pages\/150","targetHints":{"allow":["GET"]}}],"collection":[{"href":"https:\/\/theaterfreunde-steinberg.de\/index.php?rest_route=\/wp\/v2\/pages"}],"about":[{"href":"https:\/\/theaterfreunde-steinberg.de\/index.php?rest_route=\/wp\/v2\/types\/page"}],"author":[{"embeddable":true,"href":"https:\/\/theaterfreunde-steinberg.de\/index.php?rest_route=\/wp\/v2\/users\/1"}],"replies":[{"embeddable":true,"href":"https:\/\/theaterfreunde-steinberg.de\/index.php?rest_route=%2Fwp%2Fv2%2Fcomments&post=150"}],"version-history":[{"count":2,"href":"https:\/\/theaterfreunde-steinberg.de\/index.php?rest_route=\/wp\/v2\/pages\/150\/revisions"}],"predecessor-version":[{"id":577,"href":"https:\/\/theaterfreunde-steinberg.de\/index.php?rest_route=\/wp\/v2\/pages\/150\/revisions\/577"}],"wp:attachment":[{"href":"https:\/\/theaterfreunde-steinberg.de\/index.php?rest_route=%2Fwp%2Fv2%2Fmedia&parent=150"}],"curies":[{"name":"wp","href":"https:\/\/api.w.org\/{rel}","templated":true}]}}