{"id":152,"date":"2019-10-09T18:49:00","date_gmt":"2019-10-09T16:49:00","guid":{"rendered":"http:\/\/test.theaterfreunde-steinberg.de\/?page_id=152"},"modified":"2019-10-09T20:53:35","modified_gmt":"2019-10-09T18:53:35","slug":"2001-2","status":"publish","type":"page","link":"https:\/\/theaterfreunde-steinberg.de\/?page_id=152","title":{"rendered":"2001"},"content":{"rendered":"\n<h2 class=\"has-text-align-center wp-block-heading\">Da Rauberpfaff<\/h2>\n\n\n\n<p class=\"has-text-align-center\">Bayerische Rauberg&#8217;schicht in drei Akten von Peter Landstorfer<\/p>\n\n\n\n<p>Ein Zufall verhilft dem R\u00e4uberhauptmann &#8222;Raubhauser Gust&#8220; zu einem ungewollten Berufswechsel: Er wird zum neuen Pfarrer von Keitersberg! Die Rauberhur &#8222;Rothen Res&#8220; wird zur Pfarrersk\u00f6chin und sein Kumpane &#8222;Hetzinger Jackl&#8220; raubt die geldigen Honoratioren des Dorfes aus, w\u00e4hrend sie ahnungslos bei Gust in der Sonntagsmesse sitzen.<\/p>\n\n\n\n<p>Schon bei der Begr\u00fc\u00dfung des neuen Pfarrers scheinen die Dorfbewohner von diesem Rollenwechsel nichts zu bemerken. Der B\u00fcrgermeister und der hiesige Br\u00e4u sind vom neuen Pfarrer begeistert, sie sehen in ihm ein Instrument ihrer Machtgier. Die Gro\u00dfb\u00e4uerin Kupplinger versucht ihn als Kuppler zwischen ihrer etwas zur\u00fcckgebliebenen Tochter Annamirl und dem Sohn vom Br\u00e4u zu mi\u00dfbrauchen. F\u00fcr die Gemeinde-Siachlerin ist der neue Pfarrer wie geschaffen, &#8222;Hauptsach, er is sch\u00f6n&#8220;. Auch der Schlucker ist zufrieden, sein &#8222;Me\u00dfweinabkommen&#8220; mit dem alten Herrn Pfarrer hat weiterhin Bestand. Sogar der Dorfgendarm erweist sich mit seinem buchst\u00e4blichen &#8222;kriminalistischen Instinkt&#8220; als hilfsbereit, indem er dem Pfarrer einen m\u00f6glichen Fluchweg, die verschlossene Kirchent\u00fcr, aufsperrt.<\/p>\n\n\n\n<figure class=\"wp-block-gallery columns-2 is-cropped wp-block-gallery-1 is-layout-flex wp-block-gallery-is-layout-flex\"><ul class=\"blocks-gallery-grid\"><li class=\"blocks-gallery-item\"><figure><img loading=\"lazy\" decoding=\"async\" width=\"640\" height=\"480\" src=\"http:\/\/test.theaterfreunde-steinberg.de\/wp-content\/uploads\/2019\/10\/2001_10-Da-Rauberpfaff-42.jpg\" alt=\"\" data-id=\"611\" data-full-url=\"http:\/\/test.theaterfreunde-steinberg.de\/wp-content\/uploads\/2019\/10\/2001_10-Da-Rauberpfaff-42.jpg\" data-link=\"http:\/\/test.theaterfreunde-steinberg.de\/?attachment_id=611\" class=\"wp-image-611\" srcset=\"https:\/\/theaterfreunde-steinberg.de\/wp-content\/uploads\/2019\/10\/2001_10-Da-Rauberpfaff-42.jpg 640w, https:\/\/theaterfreunde-steinberg.de\/wp-content\/uploads\/2019\/10\/2001_10-Da-Rauberpfaff-42-300x225.jpg 300w, https:\/\/theaterfreunde-steinberg.de\/wp-content\/uploads\/2019\/10\/2001_10-Da-Rauberpfaff-42-360x270.jpg 360w\" sizes=\"auto, (max-width: 640px) 100vw, 640px\" \/><\/figure><\/li><li class=\"blocks-gallery-item\"><figure><img loading=\"lazy\" decoding=\"async\" width=\"1024\" height=\"768\" src=\"http:\/\/test.theaterfreunde-steinberg.de\/wp-content\/uploads\/2019\/10\/2001_10-Da-Rauberpfaff-161-1024x768.jpg\" alt=\"\" data-id=\"612\" data-full-url=\"http:\/\/test.theaterfreunde-steinberg.de\/wp-content\/uploads\/2019\/10\/2001_10-Da-Rauberpfaff-161.jpg\" data-link=\"http:\/\/test.theaterfreunde-steinberg.de\/?attachment_id=612\" class=\"wp-image-612\" srcset=\"https:\/\/theaterfreunde-steinberg.de\/wp-content\/uploads\/2019\/10\/2001_10-Da-Rauberpfaff-161-1024x768.jpg 1024w, https:\/\/theaterfreunde-steinberg.de\/wp-content\/uploads\/2019\/10\/2001_10-Da-Rauberpfaff-161-300x225.jpg 300w, https:\/\/theaterfreunde-steinberg.de\/wp-content\/uploads\/2019\/10\/2001_10-Da-Rauberpfaff-161-768x576.jpg 768w, https:\/\/theaterfreunde-steinberg.de\/wp-content\/uploads\/2019\/10\/2001_10-Da-Rauberpfaff-161-360x270.jpg 360w, https:\/\/theaterfreunde-steinberg.de\/wp-content\/uploads\/2019\/10\/2001_10-Da-Rauberpfaff-161.jpg 1600w\" sizes=\"auto, (max-width: 1024px) 100vw, 1024px\" \/><\/figure><\/li><\/ul><\/figure>\n\n\n\n<p> Nur mit dem Mesner hatten die drei nicht gerechnet, er hat die Kirche n\u00e4mlich schon f\u00fcrs Abendgebet aufgesperrt, &#8222;die Gemeinde wartet bereits&#8220;. Aber trotz einiger verst\u00e4ndlicher Pannen beim Anlegen des Me\u00dfgewandes oder w\u00e4hrend der Messe, kommt man Gust nicht auf die Schliche. Ganz im Gegenteil, im Beichtstuhl geht nun so manches Schwarzgeld in die kirchliche Obhut \u00fcber. Langsam findet Gust an seiner neuen &#8222;Aufgabe&#8220; Gefallen, denn er ist beliebt bei den Leuten und genie\u00dft deren Vertrauen. Nur einen konnte er nicht \u00fcberzeugen, denn der &#8222;ist dazu schon viel zu lange Mesner&#8220;. Da\u00df Gust nicht wie viele andere Rauber seiner Zeit gevierteilt wurde, verdankt er dem Umstand, da\u00df auch der Mesner eigene Interessen zu seinem Vorteil vertritt&#8230;<\/p>\n\n\n\nngg_shortcode_0_placeholder\n","protected":false},"excerpt":{"rendered":"<p>Da Rauberpfaff Bayerische Rauberg&#8217;schicht in drei Akten von Peter Landstorfer Ein Zufall verhilft dem R\u00e4uberhauptmann &#8222;Raubhauser Gust&#8220; zu einem ungewollten Berufswechsel: Er wird zum neuen Pfarrer von Keitersberg! Die Rauberhur &#8222;Rothen Res&#8220; wird zur Pfarrersk\u00f6chin und sein Kumpane &#8222;Hetzinger Jackl&#8220; raubt die geldigen Honoratioren des Dorfes aus, w\u00e4hrend sie ahnungslos bei Gust in der Sonntagsmesse sitzen. Schon bei der Begr\u00fc\u00dfung des neuen Pfarrers scheinen die Dorfbewohner von diesem Rollenwechsel nichts zu bemerken. Der B\u00fcrgermeister und der hiesige Br\u00e4u sind vom&#8230;<\/p>\n<p class=\"read-more\"><a class=\"btn btn-default\" href=\"https:\/\/theaterfreunde-steinberg.de\/?page_id=152\">Weiterlesen<span class=\"screen-reader-text\"> Weiterlesen<\/span><\/a><\/p>\n","protected":false},"author":1,"featured_media":0,"parent":0,"menu_order":0,"comment_status":"closed","ping_status":"closed","template":"","meta":{"ngg_post_thumbnail":0,"footnotes":""},"class_list":["post-152","page","type-page","status-publish","hentry"],"_links":{"self":[{"href":"https:\/\/theaterfreunde-steinberg.de\/index.php?rest_route=\/wp\/v2\/pages\/152","targetHints":{"allow":["GET"]}}],"collection":[{"href":"https:\/\/theaterfreunde-steinberg.de\/index.php?rest_route=\/wp\/v2\/pages"}],"about":[{"href":"https:\/\/theaterfreunde-steinberg.de\/index.php?rest_route=\/wp\/v2\/types\/page"}],"author":[{"embeddable":true,"href":"https:\/\/theaterfreunde-steinberg.de\/index.php?rest_route=\/wp\/v2\/users\/1"}],"replies":[{"embeddable":true,"href":"https:\/\/theaterfreunde-steinberg.de\/index.php?rest_route=%2Fwp%2Fv2%2Fcomments&post=152"}],"version-history":[{"count":2,"href":"https:\/\/theaterfreunde-steinberg.de\/index.php?rest_route=\/wp\/v2\/pages\/152\/revisions"}],"predecessor-version":[{"id":613,"href":"https:\/\/theaterfreunde-steinberg.de\/index.php?rest_route=\/wp\/v2\/pages\/152\/revisions\/613"}],"wp:attachment":[{"href":"https:\/\/theaterfreunde-steinberg.de\/index.php?rest_route=%2Fwp%2Fv2%2Fmedia&parent=152"}],"curies":[{"name":"wp","href":"https:\/\/api.w.org\/{rel}","templated":true}]}}