{"id":154,"date":"2019-10-09T18:49:07","date_gmt":"2019-10-09T16:49:07","guid":{"rendered":"http:\/\/test.theaterfreunde-steinberg.de\/?page_id=154"},"modified":"2019-10-09T20:55:22","modified_gmt":"2019-10-09T18:55:22","slug":"2000-2","status":"publish","type":"page","link":"https:\/\/theaterfreunde-steinberg.de\/?page_id=154","title":{"rendered":"2000"},"content":{"rendered":"\n<h2 class=\"has-text-align-center wp-block-heading\">Der Ehestreik<\/h2>\n\n\n\n<p class=\"has-text-align-center\">Heiteres Dorferlebnis in drei Akten von Julius Pohl<\/p>\n\n\n\n<p>&#8222;Alle die, wo hier unterschrieben haben, bitten den hochwohlgebohrten Herrn B\u00fcrgermeister, umstehende daf\u00fcr zu sorge, das die seit 14 Tagen neue Kellnerin im B\u00e4ren-Wirtshaus, genannt Hanni, wo dieselbe ihr ausgesch\u00e4mtes Unwesen vollf\u00fchrt und dadurch die gr\u00f6\u00dfte Gefahr f\u00fcr die eheliche Treue unserer M\u00e4nner ist, so schnell als m\u00f6glich abgeschafft wird, indem dass es eine Schande f\u00fcr unsern ganzen Ort ist, wie jetzt dort zugeht und Lieder gesungen werden, da\u00df einer Sau das Grausen ankommen mu\u00df&#8230;..&#8220;<\/p>\n\n\n\n<figure class=\"wp-block-gallery columns-1 is-cropped wp-block-gallery-1 is-layout-flex wp-block-gallery-is-layout-flex\"><ul class=\"blocks-gallery-grid\"><li class=\"blocks-gallery-item\"><figure><img loading=\"lazy\" decoding=\"async\" width=\"683\" height=\"1024\" src=\"http:\/\/test.theaterfreunde-steinberg.de\/wp-content\/uploads\/2019\/10\/Plakat2000_Der_Ehestreik-683x1024.jpg\" alt=\"\" data-id=\"614\" data-full-url=\"http:\/\/test.theaterfreunde-steinberg.de\/wp-content\/uploads\/2019\/10\/Plakat2000_Der_Ehestreik.jpg\" data-link=\"http:\/\/test.theaterfreunde-steinberg.de\/?attachment_id=614\" class=\"wp-image-614\" srcset=\"https:\/\/theaterfreunde-steinberg.de\/wp-content\/uploads\/2019\/10\/Plakat2000_Der_Ehestreik-683x1024.jpg 683w, https:\/\/theaterfreunde-steinberg.de\/wp-content\/uploads\/2019\/10\/Plakat2000_Der_Ehestreik-200x300.jpg 200w, https:\/\/theaterfreunde-steinberg.de\/wp-content\/uploads\/2019\/10\/Plakat2000_Der_Ehestreik-768x1152.jpg 768w, https:\/\/theaterfreunde-steinberg.de\/wp-content\/uploads\/2019\/10\/Plakat2000_Der_Ehestreik-180x270.jpg 180w, https:\/\/theaterfreunde-steinberg.de\/wp-content\/uploads\/2019\/10\/Plakat2000_Der_Ehestreik.jpg 1699w\" sizes=\"auto, (max-width: 683px) 100vw, 683px\" \/><\/figure><\/li><\/ul><\/figure>\n\n\n\n<p><br> Dieser Brief, verfasst von der Frau B\u00fcrgermeisterin pers\u00f6nlich als Anf\u00fchrerin des weiblichen Protestes und unterzeichnet von fast allen Dorfbewohnerinnen, soll verhindern, da\u00df beim B\u00e4ren-Wirt die h\u00fcbsche und vor allem junge Kellnerin Hanni die gr\u00f6\u00dfere Anziehungskraft hat, als das\u00a0 Bier. Denn seit deren Anstellung ist die Wirtstube Tag f\u00fcr Tag voll wie fr\u00fcher nicht einmal am Sonntag und vor Mitternacht ist an keine Sperrstunde zu denken. Der B\u00e4ren-Wirt denkt nat\u00fcrlich nicht im Traum daran, die &#8222;gesch\u00e4ftbelebende&#8220; Kellnerin auszustellen. Da die Frauen Ihre Ehem\u00e4nner auch nicht einsperren k\u00f6nnen, um Sie vom Wirtshausbesuch abzuhalten, sperren Sie die Sp\u00e4theimkehrer aus &#8211; vom Schlafzimmer. Die Frauen treten in einen unbefristeten Streik und sind emp\u00f6rt, als sich herausstellt, da\u00df es ausgerechnet in ihren Reihen eine Streikbrecherin gibt, die die vorgeschobenen Riegel in den Schlafkammern des Dorfes in schamloser Weise zu ihrem Vorteil ausnutzt&#8230;..<\/p>\n","protected":false},"excerpt":{"rendered":"<p>Der Ehestreik Heiteres Dorferlebnis in drei Akten von Julius Pohl &#8222;Alle die, wo hier unterschrieben haben, bitten den hochwohlgebohrten Herrn B\u00fcrgermeister, umstehende daf\u00fcr zu sorge, das die seit 14 Tagen neue Kellnerin im B\u00e4ren-Wirtshaus, genannt Hanni, wo dieselbe ihr ausgesch\u00e4mtes Unwesen vollf\u00fchrt und dadurch die gr\u00f6\u00dfte Gefahr f\u00fcr die eheliche Treue unserer M\u00e4nner ist, so schnell als m\u00f6glich abgeschafft wird, indem dass es eine Schande f\u00fcr unsern ganzen Ort ist, wie jetzt dort zugeht und Lieder gesungen werden, da\u00df einer&#8230;<\/p>\n<p class=\"read-more\"><a class=\"btn btn-default\" href=\"https:\/\/theaterfreunde-steinberg.de\/?page_id=154\">Weiterlesen<span class=\"screen-reader-text\"> Weiterlesen<\/span><\/a><\/p>\n","protected":false},"author":1,"featured_media":0,"parent":0,"menu_order":0,"comment_status":"closed","ping_status":"closed","template":"","meta":{"ngg_post_thumbnail":0,"footnotes":""},"class_list":["post-154","page","type-page","status-publish","hentry"],"_links":{"self":[{"href":"https:\/\/theaterfreunde-steinberg.de\/index.php?rest_route=\/wp\/v2\/pages\/154","targetHints":{"allow":["GET"]}}],"collection":[{"href":"https:\/\/theaterfreunde-steinberg.de\/index.php?rest_route=\/wp\/v2\/pages"}],"about":[{"href":"https:\/\/theaterfreunde-steinberg.de\/index.php?rest_route=\/wp\/v2\/types\/page"}],"author":[{"embeddable":true,"href":"https:\/\/theaterfreunde-steinberg.de\/index.php?rest_route=\/wp\/v2\/users\/1"}],"replies":[{"embeddable":true,"href":"https:\/\/theaterfreunde-steinberg.de\/index.php?rest_route=%2Fwp%2Fv2%2Fcomments&post=154"}],"version-history":[{"count":2,"href":"https:\/\/theaterfreunde-steinberg.de\/index.php?rest_route=\/wp\/v2\/pages\/154\/revisions"}],"predecessor-version":[{"id":615,"href":"https:\/\/theaterfreunde-steinberg.de\/index.php?rest_route=\/wp\/v2\/pages\/154\/revisions\/615"}],"wp:attachment":[{"href":"https:\/\/theaterfreunde-steinberg.de\/index.php?rest_route=%2Fwp%2Fv2%2Fmedia&parent=154"}],"curies":[{"name":"wp","href":"https:\/\/api.w.org\/{rel}","templated":true}]}}