{"id":156,"date":"2019-10-09T18:49:15","date_gmt":"2019-10-09T16:49:15","guid":{"rendered":"http:\/\/test.theaterfreunde-steinberg.de\/?page_id=156"},"modified":"2019-10-09T20:57:08","modified_gmt":"2019-10-09T18:57:08","slug":"1999-2","status":"publish","type":"page","link":"https:\/\/theaterfreunde-steinberg.de\/?page_id=156","title":{"rendered":"1999"},"content":{"rendered":"\n<h2 class=\"has-text-align-center wp-block-heading\">Der Weiberfeind<\/h2>\n\n\n\n<p class=\"has-text-align-center\">Lustspiel in drei Akten von Sepp Faltermeier<\/p>\n\n\n\n<p>Da hausen der Bauer Vitus, sein Vater Hausl und der Dienstbub Luki auf einem Bauernhof. Sie bilden schon ein pr\u00e4chtiges Trio, diese drei. Aber eines fehlt ihnen halt doch, n\u00e4mlich ein t\u00fcchtiges Weiberleit, eine B\u00e4uerin. Der Schmuser Martl brachte schon so manche Wirtschafterin auf den Hof. Doch mit ihnen hat Vitus die schlechtesten Erfahrungen gemacht. Denn in erster Linie ging es den Hauserinnen nicht um\u00a0 das Wohl des Hofes, sondern darum, selbst B\u00e4uerin zu werden. Und Vitus, der von vornherein von der Frauenpersonen nicht viel h\u00e4lt, graust es bei dem Gedanken, eine solche heiraten zu m\u00fcssen. Als eine arme Zigeunerin, namens Lyssa, auf dem Hof erscheint, schenkt ihr Vitus aus Erbarmen etwas Geld. Vor lauter Freude und Dankbarkeit dar\u00fcber liest die Zigeunerin aus der Hand des Bauern und deutet ihm eine gl\u00fcckliche Zukunft. <\/p>\n\n\n\n<figure class=\"wp-block-gallery columns-1 is-cropped wp-block-gallery-1 is-layout-flex wp-block-gallery-is-layout-flex\"><ul class=\"blocks-gallery-grid\"><li class=\"blocks-gallery-item\"><figure><img loading=\"lazy\" decoding=\"async\" width=\"683\" height=\"1024\" src=\"http:\/\/test.theaterfreunde-steinberg.de\/wp-content\/uploads\/2019\/10\/Plakat1999_Der_Weiberfeind-683x1024.jpg\" alt=\"\" data-id=\"616\" data-full-url=\"http:\/\/test.theaterfreunde-steinberg.de\/wp-content\/uploads\/2019\/10\/Plakat1999_Der_Weiberfeind.jpg\" data-link=\"http:\/\/test.theaterfreunde-steinberg.de\/?attachment_id=616\" class=\"wp-image-616\" srcset=\"https:\/\/theaterfreunde-steinberg.de\/wp-content\/uploads\/2019\/10\/Plakat1999_Der_Weiberfeind-683x1024.jpg 683w, https:\/\/theaterfreunde-steinberg.de\/wp-content\/uploads\/2019\/10\/Plakat1999_Der_Weiberfeind-200x300.jpg 200w, https:\/\/theaterfreunde-steinberg.de\/wp-content\/uploads\/2019\/10\/Plakat1999_Der_Weiberfeind-768x1152.jpg 768w, https:\/\/theaterfreunde-steinberg.de\/wp-content\/uploads\/2019\/10\/Plakat1999_Der_Weiberfeind-180x270.jpg 180w, https:\/\/theaterfreunde-steinberg.de\/wp-content\/uploads\/2019\/10\/Plakat1999_Der_Weiberfeind.jpg 1699w\" sizes=\"auto, (max-width: 683px) 100vw, 683px\" \/><\/figure><\/li><\/ul><\/figure>\n\n\n\n<p>Doch Vitus glaubt nicht an diesen &#8222;Schmarrn&#8220;&#8230;.. bis er eines Tages ein v\u00f6llig hilfloses Madl aufnimmt, das in andere Umst\u00e4nde ist und von zu Hause weggelaufen ist, weil sie in ihrer jungen Liebe entt\u00e4uscht worden ist und von keinem Mannsbild mehr was wissen will. Nachdem die Vroni ihr Kind zur Welt gebracht hat, haben die drei Mannsbilder nat\u00fcrlich alle H\u00e4nde voll zu tun, sich um das kleine &#8222;M\u00e4di&#8220; zu k\u00fcmmern. mit der Zeit kommen sich der Vitus und die Vroni immer n\u00e4her, bis schlie\u00dflich der &#8222;Weiberfeind&#8220; bekehrt wurde.<\/p>\n","protected":false},"excerpt":{"rendered":"<p>Der Weiberfeind Lustspiel in drei Akten von Sepp Faltermeier Da hausen der Bauer Vitus, sein Vater Hausl und der Dienstbub Luki auf einem Bauernhof. Sie bilden schon ein pr\u00e4chtiges Trio, diese drei. Aber eines fehlt ihnen halt doch, n\u00e4mlich ein t\u00fcchtiges Weiberleit, eine B\u00e4uerin. Der Schmuser Martl brachte schon so manche Wirtschafterin auf den Hof. Doch mit ihnen hat Vitus die schlechtesten Erfahrungen gemacht. Denn in erster Linie ging es den Hauserinnen nicht um\u00a0 das Wohl des Hofes, sondern darum,&#8230;<\/p>\n<p class=\"read-more\"><a class=\"btn btn-default\" href=\"https:\/\/theaterfreunde-steinberg.de\/?page_id=156\">Weiterlesen<span class=\"screen-reader-text\"> Weiterlesen<\/span><\/a><\/p>\n","protected":false},"author":1,"featured_media":0,"parent":0,"menu_order":0,"comment_status":"closed","ping_status":"closed","template":"","meta":{"ngg_post_thumbnail":0,"footnotes":""},"class_list":["post-156","page","type-page","status-publish","hentry"],"_links":{"self":[{"href":"https:\/\/theaterfreunde-steinberg.de\/index.php?rest_route=\/wp\/v2\/pages\/156","targetHints":{"allow":["GET"]}}],"collection":[{"href":"https:\/\/theaterfreunde-steinberg.de\/index.php?rest_route=\/wp\/v2\/pages"}],"about":[{"href":"https:\/\/theaterfreunde-steinberg.de\/index.php?rest_route=\/wp\/v2\/types\/page"}],"author":[{"embeddable":true,"href":"https:\/\/theaterfreunde-steinberg.de\/index.php?rest_route=\/wp\/v2\/users\/1"}],"replies":[{"embeddable":true,"href":"https:\/\/theaterfreunde-steinberg.de\/index.php?rest_route=%2Fwp%2Fv2%2Fcomments&post=156"}],"version-history":[{"count":2,"href":"https:\/\/theaterfreunde-steinberg.de\/index.php?rest_route=\/wp\/v2\/pages\/156\/revisions"}],"predecessor-version":[{"id":617,"href":"https:\/\/theaterfreunde-steinberg.de\/index.php?rest_route=\/wp\/v2\/pages\/156\/revisions\/617"}],"wp:attachment":[{"href":"https:\/\/theaterfreunde-steinberg.de\/index.php?rest_route=%2Fwp%2Fv2%2Fmedia&parent=156"}],"curies":[{"name":"wp","href":"https:\/\/api.w.org\/{rel}","templated":true}]}}