{"id":4,"date":"2019-10-09T14:52:59","date_gmt":"2019-10-09T14:52:59","guid":{"rendered":"http:\/\/test.theaterfreunde-steinberg.de\/?page_id=4"},"modified":"2025-07-06T13:29:56","modified_gmt":"2025-07-06T11:29:56","slug":"ueber-uns","status":"publish","type":"page","link":"https:\/\/theaterfreunde-steinberg.de\/?page_id=4","title":{"rendered":"\u00dcBER UNS"},"content":{"rendered":"\n<p>Die Theaterfreunde Steinberg f\u00fchren seit 1995 jedes Jahr Ende Oktober und seit 2022 im Sommer traditionelle, bayrische Theaterst\u00fccke mit Bezug zur Heimat Niederbayern, auf.<\/p>\n\n\n\n<p>Offiziell wurde der Verein am 6. April 1996 bei der Gr\u00fcndungsversammlung im ehemaligen Gasthaus \u201eL\u00f6ffl-Wirt\u201c von elf theaterbegeisterten Personen aus der Taufe gehoben. \u00dcbrigens war bereits vor der Gr\u00fcndung Steinberg Jahrzehnte lang neben anderen gesellschaftlichen Veranstaltungen eine Theaterhochburg im Vilstal. Damals begeisterten abwechselnd der Immergr\u00fcnverein, die Feuerwehr, der katholische Burschenverein und zuletzt der Sportverein mit fr\u00f6hlichen Theaterst\u00fccken den Zuschauern mit unterhaltsamen Stunden.<\/p>\n\n\n\n<p>Nach einer langwierigen Pause belebten junge talentierte Laienspieler diese Tradition wieder, und spielten 1993 und 1994 unter der Leitung der KLJB Steinberg.<\/p>\n\n\n\n<figure class=\"wp-block-image size-large\"><img loading=\"lazy\" decoding=\"async\" width=\"1024\" height=\"768\" src=\"http:\/\/test.theaterfreunde-steinberg.de\/wp-content\/uploads\/2019\/10\/2003_10-Der-Dorfbaron-8-1024x768.jpg\" alt=\"\" class=\"wp-image-73\" srcset=\"https:\/\/theaterfreunde-steinberg.de\/wp-content\/uploads\/2019\/10\/2003_10-Der-Dorfbaron-8-1024x768.jpg 1024w, https:\/\/theaterfreunde-steinberg.de\/wp-content\/uploads\/2019\/10\/2003_10-Der-Dorfbaron-8-300x225.jpg 300w, https:\/\/theaterfreunde-steinberg.de\/wp-content\/uploads\/2019\/10\/2003_10-Der-Dorfbaron-8-768x576.jpg 768w, https:\/\/theaterfreunde-steinberg.de\/wp-content\/uploads\/2019\/10\/2003_10-Der-Dorfbaron-8-360x270.jpg 360w, https:\/\/theaterfreunde-steinberg.de\/wp-content\/uploads\/2019\/10\/2003_10-Der-Dorfbaron-8.jpg 1600w\" sizes=\"auto, (max-width: 1024px) 100vw, 1024px\" \/><\/figure>\n\n\n\n<p>Inzwischen ist die Mitgliederanzahl auf \u00fcber 170 Mitglieder angestiegen. Der Zweck unseres Vereins ist, das Heimatspiel zu erhalten und das Kulturverst\u00e4ndnis der Bev\u00f6lkerung aktiv zu f\u00f6rdern. Unsere Aktivit\u00e4ten umfassen in erster Linie die j\u00e4hrlichen Auff\u00fchrungen eines Theaterst\u00fcckes. Au\u00dferdem wird jedes Jahr ein Ausflug organisiert und bei \u00f6rtlichen, aber auch \u00fcber\u00f6rtlichen Veranstaltungen zeigen wir Pr\u00e4senz. Zudem erweisen wir den umliegenden Theatervereinen einen Gegenbesuch und unterst\u00fctzen beispielsweise die Pfarrei Steinberg gerade an Weihnachten zum Krippenspiel.<\/p>\n\n\n\n<p>Neben diesen Aktivit\u00e4ten gibt es seit dem Ferienprogramm 2015 auch eine Jugendgruppe der Theaterfreunde Steinberg. Die Theaterkids \u00fcben in regelm\u00e4\u00dfigen Abst\u00e4nden neue Theaterst\u00fccke ein und f\u00fchren diese j\u00e4hrlich zur Theatersaison zwei Mal vor Publikum auf. Die Anzahl aktiver Jugendlicher ist mittlerweile auf \u00fcber 30 angewachsen und gilt als Zukunft des Vereins.<\/p>\n\n\n\n<p>Der Sommer ist in Steinberg wie erw\u00e4hnt Theaterzeit. Unsere Auff\u00fchrungen finden seit 2022 j\u00e4hrlich direkt am Dorfplatz in Steinberg als Freilichttheater statt. Die Dorfmitte verwandelt sich an zwei Wochenenden sieben Mal zur B\u00fchne und bietet Platz f\u00fcr jeweils 250 Zuschauer. Unsere G\u00e4ste reisen teilweise \u00fcber die Landkreisgrenzen hinweg an und die Besucherzahl steigert sich kontinuierlich von Jahr zu Jahr. \u201eSchee war\u2019s wieder!\u201c und \u201eGuad ham\u2019s g\u2019spuid!\u201c ist dabei der Lohn f\u00fcr unsere zeitaufwendige Vorbereitungen, die bereits jeweils am Anfang des Jahres beginnen.<\/p>\n\n\n\n<figure class=\"wp-block-image size-large\"><img loading=\"lazy\" decoding=\"async\" width=\"1024\" height=\"681\" src=\"http:\/\/test.theaterfreunde-steinberg.de\/wp-content\/uploads\/2019\/10\/DSC02294-1024x681.jpg\" alt=\"\" class=\"wp-image-76\" srcset=\"https:\/\/theaterfreunde-steinberg.de\/wp-content\/uploads\/2019\/10\/DSC02294-1024x681.jpg 1024w, https:\/\/theaterfreunde-steinberg.de\/wp-content\/uploads\/2019\/10\/DSC02294-300x200.jpg 300w, https:\/\/theaterfreunde-steinberg.de\/wp-content\/uploads\/2019\/10\/DSC02294-768x511.jpg 768w, https:\/\/theaterfreunde-steinberg.de\/wp-content\/uploads\/2019\/10\/DSC02294-406x270.jpg 406w\" sizes=\"auto, (max-width: 1024px) 100vw, 1024px\" \/><\/figure>\n\n\n\n<p>Dieses Lob seitens unseres phantastischen und treuen Publikums freut uns nat\u00fcrlich besonders, denn somit lohnt sich die vorhergehende unerm\u00fcdliche Arbeit, sprich: Proben, proben, proben. Wir \u00fcberraschen unsere Zuschauer j\u00e4hrlich mit einem aufwendig gestalteten, individuellen B\u00fchnenbild und stellen selbstverst\u00e4ndlich auch die Verpflegung unserer Besucher sicher.<\/p>\n\n\n\n<p>Da wir eine Laienb\u00fchne sind, ist jeder von uns ehrenamtlich t\u00e4tig. Doch trotz dieses Zeitaufwandes und allen M\u00fchen macht das Theaterspielen und das Vereinsleben einen gro\u00dfen Spa\u00df \u2013 und der Applaus l\u00e4sst die Strapazen der vergangenen Monate vergessen.<\/p>\n\n\n\n<figure class=\"wp-block-image size-large\"><img loading=\"lazy\" decoding=\"async\" width=\"1024\" height=\"568\" src=\"http:\/\/test.theaterfreunde-steinberg.de\/wp-content\/uploads\/2019\/10\/DSC_9942-1038x576-1024x568.jpg\" alt=\"\" class=\"wp-image-66\" srcset=\"https:\/\/theaterfreunde-steinberg.de\/wp-content\/uploads\/2019\/10\/DSC_9942-1038x576-1024x568.jpg 1024w, https:\/\/theaterfreunde-steinberg.de\/wp-content\/uploads\/2019\/10\/DSC_9942-1038x576-300x166.jpg 300w, https:\/\/theaterfreunde-steinberg.de\/wp-content\/uploads\/2019\/10\/DSC_9942-1038x576-768x426.jpg 768w, https:\/\/theaterfreunde-steinberg.de\/wp-content\/uploads\/2019\/10\/DSC_9942-1038x576-487x270.jpg 487w, https:\/\/theaterfreunde-steinberg.de\/wp-content\/uploads\/2019\/10\/DSC_9942-1038x576.jpg 1038w\" sizes=\"auto, (max-width: 1024px) 100vw, 1024px\" \/><\/figure>\n\n\n\n<p>\u00dcbrigens: Wir spenden j\u00e4hrlich einen hohen Betrag unserer Einnahmen an einen guten Zweck, sie unterst\u00fctzen somit nicht nur die Theaterfreunde, sondern auch jedes Jahr einen ausgew\u00e4hlten, gemeinn\u00fctzigen Verein. Seit 2025 sind wir zus\u00e4tzlich aufgrund des stetigen Wachstums sowohl hinsichtlich Mitglieder- als auch Besucherzahlen, als eingetragener Verein t\u00e4tig und freuen uns \u00fcber jeden zus\u00e4tzlichen Zuwachs. Unseren Mitgliederantrag finden Sie im Impressum der Webseite. <\/p>\n\n\n\n<p>Besuchen sie auch unsere seit 1996 gepflegte Chronik. Dort finden Sie alle Vorstellungen, Besetzungen und Fotos der vergangenen Theaterst\u00fccke. Gerne k\u00f6nnen Sie uns auch auf Facebook oder Instagram folgen, um auf dem neuesten Stand zu bleiben und spannende Eindr\u00fccke in unser Vereinsleben zu erhalten!<\/p>\n\n\n\n<figure class=\"wp-block-image size-large\"><img loading=\"lazy\" decoding=\"async\" width=\"1024\" height=\"767\" src=\"http:\/\/theaterfreunde-steinberg.de\/wp-content\/uploads\/2022\/07\/WhatsApp-Image-2022-07-09-at-12.04.14-1024x767.jpeg\" alt=\"\" class=\"wp-image-1010\" srcset=\"https:\/\/theaterfreunde-steinberg.de\/wp-content\/uploads\/2022\/07\/WhatsApp-Image-2022-07-09-at-12.04.14-1024x767.jpeg 1024w, https:\/\/theaterfreunde-steinberg.de\/wp-content\/uploads\/2022\/07\/WhatsApp-Image-2022-07-09-at-12.04.14-300x225.jpeg 300w, https:\/\/theaterfreunde-steinberg.de\/wp-content\/uploads\/2022\/07\/WhatsApp-Image-2022-07-09-at-12.04.14-768x575.jpeg 768w, https:\/\/theaterfreunde-steinberg.de\/wp-content\/uploads\/2022\/07\/WhatsApp-Image-2022-07-09-at-12.04.14-1536x1150.jpeg 1536w, https:\/\/theaterfreunde-steinberg.de\/wp-content\/uploads\/2022\/07\/WhatsApp-Image-2022-07-09-at-12.04.14-361x270.jpeg 361w, https:\/\/theaterfreunde-steinberg.de\/wp-content\/uploads\/2022\/07\/WhatsApp-Image-2022-07-09-at-12.04.14.jpeg 2048w\" sizes=\"auto, (max-width: 1024px) 100vw, 1024px\" \/><\/figure>\n","protected":false},"excerpt":{"rendered":"<p>Die Theaterfreunde Steinberg f\u00fchren seit 1995 jedes Jahr Ende Oktober und seit 2022 im Sommer traditionelle, bayrische Theaterst\u00fccke mit Bezug zur Heimat Niederbayern, auf. Offiziell wurde der Verein am 6. April 1996 bei der Gr\u00fcndungsversammlung im ehemaligen Gasthaus \u201eL\u00f6ffl-Wirt\u201c von elf theaterbegeisterten Personen aus der Taufe gehoben. \u00dcbrigens war bereits vor der Gr\u00fcndung Steinberg Jahrzehnte lang neben anderen gesellschaftlichen Veranstaltungen eine Theaterhochburg im Vilstal. Damals begeisterten abwechselnd der Immergr\u00fcnverein, die Feuerwehr, der katholische Burschenverein und zuletzt der Sportverein mit fr\u00f6hlichen&#8230;<\/p>\n<p class=\"read-more\"><a class=\"btn btn-default\" href=\"https:\/\/theaterfreunde-steinberg.de\/?page_id=4\">Weiterlesen<span class=\"screen-reader-text\"> Weiterlesen<\/span><\/a><\/p>\n","protected":false},"author":1,"featured_media":0,"parent":0,"menu_order":0,"comment_status":"closed","ping_status":"closed","template":"","meta":{"ngg_post_thumbnail":0,"footnotes":""},"class_list":["post-4","page","type-page","status-publish","hentry"],"_links":{"self":[{"href":"https:\/\/theaterfreunde-steinberg.de\/index.php?rest_route=\/wp\/v2\/pages\/4","targetHints":{"allow":["GET"]}}],"collection":[{"href":"https:\/\/theaterfreunde-steinberg.de\/index.php?rest_route=\/wp\/v2\/pages"}],"about":[{"href":"https:\/\/theaterfreunde-steinberg.de\/index.php?rest_route=\/wp\/v2\/types\/page"}],"author":[{"embeddable":true,"href":"https:\/\/theaterfreunde-steinberg.de\/index.php?rest_route=\/wp\/v2\/users\/1"}],"replies":[{"embeddable":true,"href":"https:\/\/theaterfreunde-steinberg.de\/index.php?rest_route=%2Fwp%2Fv2%2Fcomments&post=4"}],"version-history":[{"count":8,"href":"https:\/\/theaterfreunde-steinberg.de\/index.php?rest_route=\/wp\/v2\/pages\/4\/revisions"}],"predecessor-version":[{"id":1316,"href":"https:\/\/theaterfreunde-steinberg.de\/index.php?rest_route=\/wp\/v2\/pages\/4\/revisions\/1316"}],"wp:attachment":[{"href":"https:\/\/theaterfreunde-steinberg.de\/index.php?rest_route=%2Fwp%2Fv2%2Fmedia&parent=4"}],"curies":[{"name":"wp","href":"https:\/\/api.w.org\/{rel}","templated":true}]}}